{"id":7414,"date":"2022-11-12T07:21:02","date_gmt":"2022-11-12T07:21:02","guid":{"rendered":"https:\/\/minemarble.com\/faq"},"modified":"2024-01-10T14:32:50","modified_gmt":"2024-01-10T14:32:50","slug":"sss","status":"publish","type":"page","link":"https:\/\/minemarble.com\/tr\/faq","title":{"rendered":"S.S.S"},"content":{"rendered":"\t\t<div data-elementor-type=\"wp-page\" data-elementor-id=\"7414\" class=\"elementor elementor-7414 elementor-4376\" data-elementor-post-type=\"page\">\n\t\t\t\t\t\t\t\t\t<div data-particle_enable=\"false\" data-particle-mobile-disabled=\"false\" class=\"elementor-section elementor-top-section elementor-element elementor-element-a59ff85 elementor-section-full_width elementor-section-stretched elementor-section-height-default elementor-section-height-default\" data-id=\"a59ff85\" data-element_type=\"section\" data-settings=\"{&quot;stretch_section&quot;:&quot;section-stretched&quot;,&quot;background_background&quot;:&quot;classic&quot;}\">\n\t\t\t\t\t\t<div class=\"elementor-container elementor-column-gap-default\">\n\t\t\t\t\t<div class=\"elementor-column elementor-col-100 elementor-top-column elementor-element elementor-element-23742aa\" data-id=\"23742aa\" data-element_type=\"column\">\n\t\t\t<div class=\"elementor-widget-wrap elementor-element-populated\">\n\t\t\t\t\t\t\t\t<div data-particle_enable=\"false\" data-particle-mobile-disabled=\"false\" class=\"elementor-section elementor-inner-section elementor-element elementor-element-2708d34 elementor-section-boxed elementor-section-height-default elementor-section-height-default\" data-id=\"2708d34\" data-element_type=\"section\">\n\t\t\t\t\t\t<div class=\"elementor-container elementor-column-gap-default\">\n\t\t\t\t\t<div class=\"elementor-column elementor-col-50 elementor-inner-column elementor-element elementor-element-e92547d\" data-id=\"e92547d\" data-element_type=\"column\">\n\t\t\t<div class=\"elementor-widget-wrap elementor-element-populated\">\n\t\t\t\t\t\t\t\t<div class=\"elementor-element elementor-element-b1e488f elementor-widget elementor-widget-image\" data-id=\"b1e488f\" data-element_type=\"widget\" data-widget_type=\"image.default\">\n\t\t\t\t<div class=\"elementor-widget-container\">\n\t\t\t<style>\/*! elementor - v3.18.0 - 08-12-2023 *\/\n.elementor-widget-image{text-align:center}.elementor-widget-image a{display:inline-block}.elementor-widget-image a img[src$=\".svg\"]{width:48px}.elementor-widget-image img{vertical-align:middle;display:inline-block}<\/style>\t\t\t\t\t\t\t\t\t\t\t\t<img fetchpriority=\"high\" decoding=\"async\" width=\"723\" height=\"798\" src=\"https:\/\/minemarble.com\/wp-content\/uploads\/2022\/11\/faq-1.jpg\" class=\"attachment-full size-full wp-image-4620\" alt=\"Mine Marble\" srcset=\"https:\/\/minemarble.com\/wp-content\/uploads\/2022\/11\/faq-1.jpg 723w, https:\/\/minemarble.com\/wp-content\/uploads\/2022\/11\/faq-1-600x662.jpg 600w, https:\/\/minemarble.com\/wp-content\/uploads\/2022\/11\/faq-1-272x300.jpg 272w\" sizes=\"(max-width: 723px) 100vw, 723px\" title=\"\">\t\t\t\t\t\t\t\t\t\t\t\t\t\t\t<\/div>\n\t\t\t\t<\/div>\n\t\t\t\t\t<\/div>\n\t\t<\/div>\n\t\t\t\t<div class=\"elementor-column elementor-col-50 elementor-inner-column elementor-element elementor-element-f525af5\" data-id=\"f525af5\" data-element_type=\"column\">\n\t\t\t<div class=\"elementor-widget-wrap elementor-element-populated\">\n\t\t\t\t\t\t\t\t<div class=\"elementor-element elementor-element-c391790 elementor-widget elementor-widget-section-title\" data-id=\"c391790\" data-element_type=\"widget\" data-widget_type=\"section-title.default\">\n\t\t\t\t<div class=\"elementor-widget-container\">\n\t\t\t<div class=\"pt-section-title pt-style-1  \">\r\n      \t\t <span class=\"pt-section-sub-title\">S.S.S<\/span>\r\n\t\t\t\t<h5 class=\"pt-section-main-title\">S\u0131k\u00e7a Sorulan Sorular<\/h5>\r\n\t\t\r\n\t\t<p class=\"pt-section-description\">S\u0131k\u00e7a Sorulan Sorular b\u00f6l\u00fcm\u00fcm\u00fczde m\u00fc\u015fterilerimizin K\u0131br\u0131s Gri Mermer \u00fcr\u00fcnlerimiz hakk\u0131nda en \u00e7ok merak etti\u011fi konular\u0131 derledik. Arad\u0131\u011f\u0131n\u0131z cevab\u0131 hala bulamad\u0131ysan\u0131z, daha fazla bilgi i\u00e7in l\u00fctfen bizimle ileti\u015fime ge\u00e7mekten \u00e7ekinmeyin.<\/p>\r\n\t\t<\/div>\r\n\t\t<\/div>\n\t\t\t\t<\/div>\n\t\t\t\t<div class=\"elementor-element elementor-element-e2e9150 pt-accordion-bg elementor-widget elementor-widget-Accordion\" data-id=\"e2e9150\" data-element_type=\"widget\" data-widget_type=\"Accordion.default\">\n\t\t\t\t<div class=\"elementor-widget-container\">\n\t\t\t    \r\n  <div class=\"pt-accordion-block \" >\r\n          <div class=\"pt-accordion-block \">\r\n      <div class=\"pt-accordion-box pt-active  1\">\r\n        <div class=\"pt-ad-title\">\r\n\r\n          <h4 class=\"ad-title-text\">         \r\n          Mine Mermer olarak ne t\u00fcr \u00fcr\u00fcnler sunuyorsunuz?  \r\n\r\n          <i aria-hidden=\"true\" class=\"ion ion-plus-round active\"><\/i><i aria-hidden=\"true\" class=\"ion ion-minus-round inactive\"><\/i>   \r\n\r\n          <\/h4>\r\n\r\n        <\/div>\r\n\r\n        <div class=\"pt-accordion-details\">\r\n\r\n         <p class=\"pt-detail-text\"> Y\u00fcksek kaliteli Gri Mermer&#8217;in \u00e7e\u015fitli formlar\u0131n\u0131 sunuyoruz. \u00dcr\u00fcn yelpazemiz, t\u00fcm\u00fc T\u00fcrkiye&#8217;deki kendi madenlerimizden \u00e7\u0131kar\u0131lan ham bloklar\u0131, i\u015flenmi\u015f plakalar\u0131 ve \u00f6zel kesimleri i\u00e7erir. <\/p>\r\n\r\n       <\/div>\r\n     <\/div>\r\n   <\/div>\r\n           <div class=\"pt-accordion-block \">\r\n      <div class=\"pt-accordion-box   2\">\r\n        <div class=\"pt-ad-title\">\r\n\r\n          <h4 class=\"ad-title-text\">         \r\n          En iyi fiyat garantisi nedir?  \r\n\r\n          <i aria-hidden=\"true\" class=\"ion ion-plus-round active\"><\/i><i aria-hidden=\"true\" class=\"ion ion-minus-round inactive\"><\/i>   \r\n\r\n          <\/h4>\r\n\r\n        <\/div>\r\n\r\n        <div class=\"pt-accordion-details\">\r\n\r\n         <p class=\"pt-detail-text\"> T\u00fcrkiye&#8217;de do\u011frudan mermer madeni sahibi olarak Mine Mermer, piyasadaki en uygun fiyatl\u0131 mermer se\u00e7eneklerini sunmaktad\u0131r. Arac\u0131lar\u0131 ortadan kald\u0131rarak, m\u00fc\u015fterilerimize rekabet\u00e7i fiyatlarla y\u00fcksek kaliteli mermer sa\u011fl\u0131yoruz. <\/p>\r\n\r\n       <\/div>\r\n     <\/div>\r\n   <\/div>\r\n           <div class=\"pt-accordion-block \">\r\n      <div class=\"pt-accordion-box   3\">\r\n        <div class=\"pt-ad-title\">\r\n\r\n          <h4 class=\"ad-title-text\">         \r\n          D\u00fcnya \u00e7ap\u0131nda g\u00f6nderi yapabilir misiniz?  \r\n\r\n          <i aria-hidden=\"true\" class=\"ion ion-plus-round active\"><\/i><i aria-hidden=\"true\" class=\"ion ion-minus-round inactive\"><\/i>   \r\n\r\n          <\/h4>\r\n\r\n        <\/div>\r\n\r\n        <div class=\"pt-accordion-details\">\r\n\r\n         <p class=\"pt-detail-text\"> Evet, Mine Mermer olarak y\u00fcksek kaliteli K\u0131br\u0131s Gri Mermer \u00fcr\u00fcnlerimizi d\u00fcnya \u00e7ap\u0131nda sevk etme kapasitesine sahibiz. Uluslararas\u0131 m\u00fc\u015fterilerimize konumlar\u0131ndan ba\u011f\u0131ms\u0131z olarak g\u00fcvenli ve verimli teslimat sa\u011flamak i\u00e7in deneyimli lojistik sa\u011flay\u0131c\u0131larla ortakl\u0131k yap\u0131yoruz. <\/p>\r\n\r\n       <\/div>\r\n     <\/div>\r\n   <\/div>\r\n           <div class=\"pt-accordion-block \">\r\n      <div class=\"pt-accordion-box   4\">\r\n        <div class=\"pt-ad-title\">\r\n\r\n          <h4 class=\"ad-title-text\">         \r\n          Rakiplerinizden farklar\u0131n\u0131z nelerdir?  \r\n\r\n          <i aria-hidden=\"true\" class=\"ion ion-plus-round active\"><\/i><i aria-hidden=\"true\" class=\"ion ion-minus-round inactive\"><\/i>   \r\n\r\n          <\/h4>\r\n\r\n        <\/div>\r\n\r\n        <div class=\"pt-accordion-details\">\r\n\r\n         <p class=\"pt-detail-text\"> Mine Mermer olarak bizi farkl\u0131 k\u0131lan, T\u00fcrkiye&#8217;deki K\u0131br\u0131s Gri Mermer oca\u011f\u0131n\u0131n do\u011frudan sahibi olmam\u0131zd\u0131r. Bu benzersiz konumumuz sayesinde m\u00fc\u015fterilerimize benzersiz kalite ve rekabet\u00e7i fiyatlar sunabiliyoruz \u00e7\u00fcnk\u00fc mermerin \u00e7\u0131kar\u0131lmas\u0131ndan teslimat\u0131na kadar t\u00fcm s\u00fcreci denetliyoruz. Rekabetimiz \u00e7o\u011funlukla di\u011fer mermer tedarik\u00e7ileri ve distrib\u00fct\u00f6rlerini i\u00e7eriyor, ancak genellikle bizim sahip oldu\u011fumuz do\u011frudan ocak eri\u015fiminden yoksunlar. Ayr\u0131ca, s\u00fcrd\u00fcr\u00fclebilirlik ve ki\u015fiselle\u015ftirilmi\u015f m\u00fc\u015fteri hizmetlerine olan ba\u011fl\u0131l\u0131\u011f\u0131m\u0131z bizi pazarda daha da \u00f6ne \u00e7\u0131kar\u0131yor. <\/p>\r\n\r\n       <\/div>\r\n     <\/div>\r\n   <\/div>\r\n           <div class=\"pt-accordion-block \">\r\n      <div class=\"pt-accordion-box   5\">\r\n        <div class=\"pt-ad-title\">\r\n\r\n          <h4 class=\"ad-title-text\">         \r\n          Mermeri i\u015flenmi\u015f olarak m\u0131 yoksa ham halde mi sat\u0131yorsunuz?  \r\n\r\n          <i aria-hidden=\"true\" class=\"ion ion-plus-round active\"><\/i><i aria-hidden=\"true\" class=\"ion ion-minus-round inactive\"><\/i>   \r\n\r\n          <\/h4>\r\n\r\n        <\/div>\r\n\r\n        <div class=\"pt-accordion-details\">\r\n\r\n         <p class=\"pt-detail-text\"> K\u0131br\u0131s Gri Mermerini hem plaka (i\u015flenmi\u015f) hem de ham formda sunuyoruz. M\u00fc\u015fterilerimiz proje gereksinimlerine en uygun format\u0131 se\u00e7ebilirler. <\/p>\r\n\r\n       <\/div>\r\n     <\/div>\r\n   <\/div>\r\n        <\/div>\r\n \r\n        \t<script type=\"text\/javascript\">\r\n        \t\t \/*------------------------\r\n                Accordion\r\n                --------------------------*\/\r\n                jQuery('.pt-accordion-block .pt-accordion-box .pt-accordion-details').hide();\r\n                jQuery('.pt-accordion-block .pt-accordion-box:first').addClass('pt-active').children().slideDown('slow');\r\n                jQuery('.pt-accordion-block .pt-accordion-box').on(\"click\", function() {\r\n                    if (jQuery(this).children('div.pt-accordion-details').is(':hidden')) {\r\n                        jQuery('.pt-accordion-block .pt-accordion-box').removeClass('pt-active').children('div.pt-accordion-details').slideUp('slow');\r\n                        jQuery(this).toggleClass('pt-active').children('div.pt-accordion-details').slideDown('slow');\r\n                    }\r\n                });\r\n\r\n\r\n\r\n        \t<\/script>\r\n        \t\t<\/div>\n\t\t\t\t<\/div>\n\t\t\t\t\t<\/div>\n\t\t<\/div>\n\t\t\t\t\t\t\t<\/div>\n\t\t<\/div>\n\t\t\t\t\t<\/div>\n\t\t<\/div>\n\t\t\t\t\t\t\t<\/div>\n\t\t<\/div>\n\t\t\t\t\t\t\t<\/div>\n\t\t","protected":false},"excerpt":{"rendered":"<p>S.S.S S\u0131k\u00e7a Sorulan Sorular S\u0131k\u00e7a Sorulan Sorular b\u00f6l\u00fcm\u00fcm\u00fczde m\u00fc\u015fterilerimizin K\u0131br\u0131s Gri Mermer \u00fcr\u00fcnlerimiz hakk\u0131nda en \u00e7ok merak etti\u011fi konular\u0131 derledik. Arad\u0131\u011f\u0131n\u0131z cevab\u0131 hala bulamad\u0131ysan\u0131z, daha fazla bilgi i\u00e7in l\u00fctfen bizimle ileti\u015fime ge\u00e7mekten \u00e7ekinmeyin. Mine Mermer olarak ne t\u00fcr \u00fcr\u00fcnler sunuyorsunuz? Y\u00fcksek kaliteli Gri Mermer&#8217;in \u00e7e\u015fitli formlar\u0131n\u0131 sunuyoruz. \u00dcr\u00fcn yelpazemiz, t\u00fcm\u00fc T\u00fcrkiye&#8217;deki kendi madenlerimizden \u00e7\u0131kar\u0131lan ham [&hellip;]<\/p>\n","protected":false},"author":1,"featured_media":0,"parent":0,"menu_order":0,"comment_status":"closed","ping_status":"closed","template":"","meta":{"_eb_attr":"","footnotes":""},"class_list":["post-7414","page","type-page","status-publish","hentry"],"acf":[],"_links":{"self":[{"href":"https:\/\/minemarble.com\/tr\/wp-json\/wp\/v2\/pages\/7414","targetHints":{"allow":["GET"]}}],"collection":[{"href":"https:\/\/minemarble.com\/tr\/wp-json\/wp\/v2\/pages"}],"about":[{"href":"https:\/\/minemarble.com\/tr\/wp-json\/wp\/v2\/types\/page"}],"author":[{"embeddable":true,"href":"https:\/\/minemarble.com\/tr\/wp-json\/wp\/v2\/users\/1"}],"replies":[{"embeddable":true,"href":"https:\/\/minemarble.com\/tr\/wp-json\/wp\/v2\/comments?post=7414"}],"version-history":[{"count":19,"href":"https:\/\/minemarble.com\/tr\/wp-json\/wp\/v2\/pages\/7414\/revisions"}],"predecessor-version":[{"id":7452,"href":"https:\/\/minemarble.com\/tr\/wp-json\/wp\/v2\/pages\/7414\/revisions\/7452"}],"wp:attachment":[{"href":"https:\/\/minemarble.com\/tr\/wp-json\/wp\/v2\/media?parent=7414"}],"curies":[{"name":"wp","href":"https:\/\/api.w.org\/{rel}","templated":true}]}}