{"id":7793,"date":"2024-01-11T11:46:22","date_gmt":"2024-01-11T11:46:22","guid":{"rendered":"https:\/\/minemarble.com\/?page_id=7793"},"modified":"2024-01-11T11:50:38","modified_gmt":"2024-01-11T11:50:38","slug":"madenimiz","status":"publish","type":"page","link":"https:\/\/minemarble.com\/tr\/madenimiz","title":{"rendered":"Madenimiz"},"content":{"rendered":"\t\t<div data-elementor-type=\"wp-page\" data-elementor-id=\"7793\" class=\"elementor elementor-7793\" data-elementor-post-type=\"page\">\n\t\t\t\t\t\t\t\t\t<div data-particle_enable=\"false\" data-particle-mobile-disabled=\"false\" class=\"elementor-section elementor-top-section elementor-element elementor-element-b877f79 elementor-section-stretched elementor-section-boxed elementor-section-height-default elementor-section-height-default\" data-id=\"b877f79\" data-element_type=\"section\" data-settings=\"{&quot;stretch_section&quot;:&quot;section-stretched&quot;}\">\n\t\t\t\t\t\t<div class=\"elementor-container elementor-column-gap-default\">\n\t\t\t\t\t<div class=\"elementor-column elementor-col-100 elementor-top-column elementor-element elementor-element-e8c52d0\" data-id=\"e8c52d0\" data-element_type=\"column\">\n\t\t\t<div class=\"elementor-widget-wrap elementor-element-populated\">\n\t\t\t\t\t\t\t\t<div data-particle_enable=\"false\" data-particle-mobile-disabled=\"false\" class=\"elementor-section elementor-inner-section elementor-element elementor-element-01f624c elementor-section-boxed elementor-section-height-default elementor-section-height-default\" data-id=\"01f624c\" data-element_type=\"section\">\n\t\t\t\t\t\t<div class=\"elementor-container elementor-column-gap-default\">\n\t\t\t\t\t<div class=\"elementor-column elementor-col-100 elementor-inner-column elementor-element elementor-element-ea19547\" data-id=\"ea19547\" data-element_type=\"column\">\n\t\t\t<div class=\"elementor-widget-wrap elementor-element-populated\">\n\t\t\t\t\t\t\t\t<div class=\"elementor-element elementor-element-53fb100 elementor-widget elementor-widget-section-title\" data-id=\"53fb100\" data-element_type=\"widget\" data-widget_type=\"section-title.default\">\n\t\t\t\t<div class=\"elementor-widget-container\">\n\t\t\t<div class=\"pt-section-title pt-style-1  \">\r\n      \t\t <span class=\"pt-section-sub-title\">Madenimizden g\u00f6r\u00fcnt\u00fcler<\/span>\r\n\t\t\t\t<h5 class=\"pt-section-main-title\">Mine Marble<\/h5>\r\n\t\t\r\n\t\t<p class=\"pt-section-description\">Diledi\u011finiz zaman bizimle ileti\u015fime ge\u00e7erek , madenimizi ziyaret edebilirsiniz.<\/p>\r\n\t\t<\/div>\r\n\t\t<\/div>\n\t\t\t\t<\/div>\n\t\t\t\t<div class=\"elementor-element elementor-element-fd96ade gallery-spacing-custom elementor-widget elementor-widget-image-gallery\" data-id=\"fd96ade\" data-element_type=\"widget\" data-widget_type=\"image-gallery.default\">\n\t\t\t\t<div class=\"elementor-widget-container\">\n\t\t\t<style>\/*! elementor - v3.18.0 - 08-12-2023 *\/\n.elementor-image-gallery .gallery-item{display:inline-block;text-align:center;vertical-align:top;width:100%;max-width:100%;margin:0 auto}.elementor-image-gallery .gallery-item img{margin:0 auto}.elementor-image-gallery .gallery-item .gallery-caption{margin:0}.elementor-image-gallery figure img{display:block}.elementor-image-gallery figure figcaption{width:100%}.gallery-spacing-custom .elementor-image-gallery .gallery-icon{padding:0}@media (min-width:768px){.elementor-image-gallery .gallery-columns-2 .gallery-item{max-width:50%}.elementor-image-gallery .gallery-columns-3 .gallery-item{max-width:33.33%}.elementor-image-gallery .gallery-columns-4 .gallery-item{max-width:25%}.elementor-image-gallery .gallery-columns-5 .gallery-item{max-width:20%}.elementor-image-gallery .gallery-columns-6 .gallery-item{max-width:16.666%}.elementor-image-gallery .gallery-columns-7 .gallery-item{max-width:14.28%}.elementor-image-gallery .gallery-columns-8 .gallery-item{max-width:12.5%}.elementor-image-gallery .gallery-columns-9 .gallery-item{max-width:11.11%}.elementor-image-gallery .gallery-columns-10 .gallery-item{max-width:10%}}@media (min-width:480px) and (max-width:767px){.elementor-image-gallery .gallery.gallery-columns-2 .gallery-item,.elementor-image-gallery .gallery.gallery-columns-3 .gallery-item,.elementor-image-gallery .gallery.gallery-columns-4 .gallery-item,.elementor-image-gallery .gallery.gallery-columns-5 .gallery-item,.elementor-image-gallery .gallery.gallery-columns-6 .gallery-item,.elementor-image-gallery .gallery.gallery-columns-7 .gallery-item,.elementor-image-gallery .gallery.gallery-columns-8 .gallery-item,.elementor-image-gallery .gallery.gallery-columns-9 .gallery-item,.elementor-image-gallery .gallery.gallery-columns-10 .gallery-item{max-width:50%}}@media (max-width:479px){.elementor-image-gallery .gallery.gallery-columns-2 .gallery-item,.elementor-image-gallery .gallery.gallery-columns-3 .gallery-item,.elementor-image-gallery .gallery.gallery-columns-4 .gallery-item,.elementor-image-gallery .gallery.gallery-columns-5 .gallery-item,.elementor-image-gallery .gallery.gallery-columns-6 .gallery-item,.elementor-image-gallery .gallery.gallery-columns-7 .gallery-item,.elementor-image-gallery .gallery.gallery-columns-8 .gallery-item,.elementor-image-gallery .gallery.gallery-columns-9 .gallery-item,.elementor-image-gallery .gallery.gallery-columns-10 .gallery-item{max-width:100%}}<\/style>\t\t<div class=\"elementor-image-gallery\">\n\t\t\t<div id='gallery-1' class='gallery galleryid-7793 gallery-columns-3 gallery-size-full'><figure class='gallery-item'>\n\t\t\t<div class='gallery-icon landscape'>\n\t\t\t\t<a data-elementor-open-lightbox=\"yes\" data-elementor-lightbox-slideshow=\"fd96ade\" data-elementor-lightbox-title=\"minemarble turkey marble\" data-e-action-hash=\"#elementor-action%3Aaction%3Dlightbox%26settings%3DeyJpZCI6NzI0OCwidXJsIjoiaHR0cHM6XC9cL21pbmVtYXJibGUuY29tXC93cC1jb250ZW50XC91cGxvYWRzXC8yMDIzXC8xMlwvTWFyYmxlMy1taW4tMi5qcGciLCJzbGlkZXNob3ciOiJmZDk2YWRlIn0%3D\" href='https:\/\/minemarble.com\/wp-content\/uploads\/2023\/12\/Marble3-min-2.jpg'><img fetchpriority=\"high\" decoding=\"async\" width=\"2552\" height=\"1414\" src=\"https:\/\/minemarble.com\/wp-content\/uploads\/2023\/12\/Marble3-min-2.jpg\" class=\"attachment-full size-full\" alt=\"Mine Marble\" srcset=\"https:\/\/minemarble.com\/wp-content\/uploads\/2023\/12\/Marble3-min-2.jpg 2552w, https:\/\/minemarble.com\/wp-content\/uploads\/2023\/12\/Marble3-min-2-600x332.jpg 600w, https:\/\/minemarble.com\/wp-content\/uploads\/2023\/12\/Marble3-min-2-300x166.jpg 300w, https:\/\/minemarble.com\/wp-content\/uploads\/2023\/12\/Marble3-min-2-1024x567.jpg 1024w, https:\/\/minemarble.com\/wp-content\/uploads\/2023\/12\/Marble3-min-2-768x426.jpg 768w, https:\/\/minemarble.com\/wp-content\/uploads\/2023\/12\/Marble3-min-2-1536x851.jpg 1536w, https:\/\/minemarble.com\/wp-content\/uploads\/2023\/12\/Marble3-min-2-2048x1135.jpg 2048w\" sizes=\"(max-width: 2552px) 100vw, 2552px\" title=\"\"><\/a>\n\t\t\t<\/div><\/figure><figure class='gallery-item'>\n\t\t\t<div class='gallery-icon portrait'>\n\t\t\t\t<a data-elementor-open-lightbox=\"yes\" data-elementor-lightbox-slideshow=\"fd96ade\" data-elementor-lightbox-title=\"Marble4_Hori\" data-e-action-hash=\"#elementor-action%3Aaction%3Dlightbox%26settings%3DeyJpZCI6NzI1NSwidXJsIjoiaHR0cHM6XC9cL21pbmVtYXJibGUuY29tXC93cC1jb250ZW50XC91cGxvYWRzXC8yMDIzXC8xMlwvTWFyYmxlNF9Ib3JpLmpwZyIsInNsaWRlc2hvdyI6ImZkOTZhZGUifQ%3D%3D\" href='https:\/\/minemarble.com\/wp-content\/uploads\/2023\/12\/Marble4_Hori.jpg'><img decoding=\"async\" width=\"1152\" height=\"1600\" src=\"https:\/\/minemarble.com\/wp-content\/uploads\/2023\/12\/Marble4_Hori.jpg\" class=\"attachment-full size-full\" alt=\"Mine Marble\" srcset=\"https:\/\/minemarble.com\/wp-content\/uploads\/2023\/12\/Marble4_Hori.jpg 1152w, https:\/\/minemarble.com\/wp-content\/uploads\/2023\/12\/Marble4_Hori-600x833.jpg 600w, https:\/\/minemarble.com\/wp-content\/uploads\/2023\/12\/Marble4_Hori-216x300.jpg 216w, https:\/\/minemarble.com\/wp-content\/uploads\/2023\/12\/Marble4_Hori-737x1024.jpg 737w, https:\/\/minemarble.com\/wp-content\/uploads\/2023\/12\/Marble4_Hori-768x1067.jpg 768w, https:\/\/minemarble.com\/wp-content\/uploads\/2023\/12\/Marble4_Hori-1106x1536.jpg 1106w\" sizes=\"(max-width: 1152px) 100vw, 1152px\" title=\"\"><\/a>\n\t\t\t<\/div><\/figure><figure class='gallery-item'>\n\t\t\t<div class='gallery-icon landscape'>\n\t\t\t\t<a data-elementor-open-lightbox=\"yes\" data-elementor-lightbox-slideshow=\"fd96ade\" data-elementor-lightbox-title=\"Marble1\" data-e-action-hash=\"#elementor-action%3Aaction%3Dlightbox%26settings%3DeyJpZCI6NzI2OSwidXJsIjoiaHR0cHM6XC9cL21pbmVtYXJibGUuY29tXC93cC1jb250ZW50XC91cGxvYWRzXC8yMDIzXC8xMlwvTWFyYmxlMS5qcGciLCJzbGlkZXNob3ciOiJmZDk2YWRlIn0%3D\" href='https:\/\/minemarble.com\/wp-content\/uploads\/2023\/12\/Marble1.jpg'><img decoding=\"async\" width=\"1872\" height=\"1280\" src=\"https:\/\/minemarble.com\/wp-content\/uploads\/2023\/12\/Marble1.jpg\" class=\"attachment-full size-full\" alt=\"Mine Marble\" srcset=\"https:\/\/minemarble.com\/wp-content\/uploads\/2023\/12\/Marble1.jpg 1872w, https:\/\/minemarble.com\/wp-content\/uploads\/2023\/12\/Marble1-600x410.jpg 600w, https:\/\/minemarble.com\/wp-content\/uploads\/2023\/12\/Marble1-300x205.jpg 300w, https:\/\/minemarble.com\/wp-content\/uploads\/2023\/12\/Marble1-1024x700.jpg 1024w, https:\/\/minemarble.com\/wp-content\/uploads\/2023\/12\/Marble1-768x525.jpg 768w, https:\/\/minemarble.com\/wp-content\/uploads\/2023\/12\/Marble1-1536x1050.jpg 1536w\" sizes=\"(max-width: 1872px) 100vw, 1872px\" title=\"\"><\/a>\n\t\t\t<\/div><\/figure><figure class='gallery-item'>\n\t\t\t<div class='gallery-icon portrait'>\n\t\t\t\t<a data-elementor-open-lightbox=\"yes\" data-elementor-lightbox-slideshow=\"fd96ade\" data-elementor-lightbox-title=\"minemarble-Samples003\" data-e-action-hash=\"#elementor-action%3Aaction%3Dlightbox%26settings%3DeyJpZCI6NzI2NywidXJsIjoiaHR0cHM6XC9cL21pbmVtYXJibGUuY29tXC93cC1jb250ZW50XC91cGxvYWRzXC8yMDIzXC8xMlwvbWluZW1hcmJsZS1TYW1wbGVzMDAzLmpwZyIsInNsaWRlc2hvdyI6ImZkOTZhZGUifQ%3D%3D\" href='https:\/\/minemarble.com\/wp-content\/uploads\/2023\/12\/minemarble-Samples003.jpg'><img loading=\"lazy\" decoding=\"async\" width=\"1056\" height=\"1374\" src=\"https:\/\/minemarble.com\/wp-content\/uploads\/2023\/12\/minemarble-Samples003.jpg\" class=\"attachment-full size-full\" alt=\"Mine Marble\" srcset=\"https:\/\/minemarble.com\/wp-content\/uploads\/2023\/12\/minemarble-Samples003.jpg 1056w, https:\/\/minemarble.com\/wp-content\/uploads\/2023\/12\/minemarble-Samples003-600x781.jpg 600w, https:\/\/minemarble.com\/wp-content\/uploads\/2023\/12\/minemarble-Samples003-231x300.jpg 231w, https:\/\/minemarble.com\/wp-content\/uploads\/2023\/12\/minemarble-Samples003-787x1024.jpg 787w, https:\/\/minemarble.com\/wp-content\/uploads\/2023\/12\/minemarble-Samples003-768x999.jpg 768w\" sizes=\"(max-width: 1056px) 100vw, 1056px\" title=\"\"><\/a>\n\t\t\t<\/div><\/figure><figure class='gallery-item'>\n\t\t\t<div class='gallery-icon landscape'>\n\t\t\t\t<a data-elementor-open-lightbox=\"yes\" data-elementor-lightbox-slideshow=\"fd96ade\" data-elementor-lightbox-title=\"Marble6\" data-e-action-hash=\"#elementor-action%3Aaction%3Dlightbox%26settings%3DeyJpZCI6NzI2NiwidXJsIjoiaHR0cHM6XC9cL21pbmVtYXJibGUuY29tXC93cC1jb250ZW50XC91cGxvYWRzXC8yMDIzXC8xMlwvTWFyYmxlNi1zY2FsZWQuanBnIiwic2xpZGVzaG93IjoiZmQ5NmFkZSJ9\" href='https:\/\/minemarble.com\/wp-content\/uploads\/2023\/12\/Marble6-scaled.jpg'><img loading=\"lazy\" decoding=\"async\" width=\"2560\" height=\"1418\" src=\"https:\/\/minemarble.com\/wp-content\/uploads\/2023\/12\/Marble6-scaled.jpg\" class=\"attachment-full size-full\" alt=\"Mine Marble\" srcset=\"https:\/\/minemarble.com\/wp-content\/uploads\/2023\/12\/Marble6-scaled.jpg 2560w, https:\/\/minemarble.com\/wp-content\/uploads\/2023\/12\/Marble6-scaled-600x332.jpg 600w, https:\/\/minemarble.com\/wp-content\/uploads\/2023\/12\/Marble6-300x166.jpg 300w, https:\/\/minemarble.com\/wp-content\/uploads\/2023\/12\/Marble6-1024x567.jpg 1024w, https:\/\/minemarble.com\/wp-content\/uploads\/2023\/12\/Marble6-768x425.jpg 768w, https:\/\/minemarble.com\/wp-content\/uploads\/2023\/12\/Marble6-1536x851.jpg 1536w, https:\/\/minemarble.com\/wp-content\/uploads\/2023\/12\/Marble6-2048x1135.jpg 2048w\" sizes=\"(max-width: 2560px) 100vw, 2560px\" title=\"\"><\/a>\n\t\t\t<\/div><\/figure><figure class='gallery-item'>\n\t\t\t<div class='gallery-icon landscape'>\n\t\t\t\t<a data-elementor-open-lightbox=\"yes\" data-elementor-lightbox-slideshow=\"fd96ade\" data-elementor-lightbox-title=\"about-us002\" data-e-action-hash=\"#elementor-action%3Aaction%3Dlightbox%26settings%3DeyJpZCI6NzI5MSwidXJsIjoiaHR0cHM6XC9cL21pbmVtYXJibGUuY29tXC93cC1jb250ZW50XC91cGxvYWRzXC8yMDIzXC8xMlwvYWJvdXQtdXMwMDIuanBnIiwic2xpZGVzaG93IjoiZmQ5NmFkZSJ9\" href='https:\/\/minemarble.com\/wp-content\/uploads\/2023\/12\/about-us002.jpg'><img loading=\"lazy\" decoding=\"async\" width=\"1000\" height=\"1000\" src=\"https:\/\/minemarble.com\/wp-content\/uploads\/2023\/12\/about-us002.jpg\" class=\"attachment-full size-full\" alt=\"Mine Marble\" srcset=\"https:\/\/minemarble.com\/wp-content\/uploads\/2023\/12\/about-us002.jpg 1000w, https:\/\/minemarble.com\/wp-content\/uploads\/2023\/12\/about-us002-300x300.jpg 300w, https:\/\/minemarble.com\/wp-content\/uploads\/2023\/12\/about-us002-100x100.jpg 100w, https:\/\/minemarble.com\/wp-content\/uploads\/2023\/12\/about-us002-600x600.jpg 600w, https:\/\/minemarble.com\/wp-content\/uploads\/2023\/12\/about-us002-150x150.jpg 150w, https:\/\/minemarble.com\/wp-content\/uploads\/2023\/12\/about-us002-768x768.jpg 768w\" sizes=\"(max-width: 1000px) 100vw, 1000px\" title=\"\"><\/a>\n\t\t\t<\/div><\/figure><figure class='gallery-item'>\n\t\t\t<div class='gallery-icon landscape'>\n\t\t\t\t<a data-elementor-open-lightbox=\"yes\" data-elementor-lightbox-slideshow=\"fd96ade\" data-elementor-lightbox-title=\"mine marble 2\" data-e-action-hash=\"#elementor-action%3Aaction%3Dlightbox%26settings%3DeyJpZCI6NzI4NywidXJsIjoiaHR0cHM6XC9cL21pbmVtYXJibGUuY29tXC93cC1jb250ZW50XC91cGxvYWRzXC8yMDIzXC8xMlwvU3RlcDIuanBnIiwic2xpZGVzaG93IjoiZmQ5NmFkZSJ9\" href='https:\/\/minemarble.com\/wp-content\/uploads\/2023\/12\/Step2.jpg'><img loading=\"lazy\" decoding=\"async\" width=\"1400\" height=\"800\" src=\"https:\/\/minemarble.com\/wp-content\/uploads\/2023\/12\/Step2.jpg\" class=\"attachment-full size-full\" alt=\"Mine Marble\" srcset=\"https:\/\/minemarble.com\/wp-content\/uploads\/2023\/12\/Step2.jpg 1400w, https:\/\/minemarble.com\/wp-content\/uploads\/2023\/12\/Step2-600x343.jpg 600w, https:\/\/minemarble.com\/wp-content\/uploads\/2023\/12\/Step2-300x171.jpg 300w, https:\/\/minemarble.com\/wp-content\/uploads\/2023\/12\/Step2-1024x585.jpg 1024w, https:\/\/minemarble.com\/wp-content\/uploads\/2023\/12\/Step2-768x439.jpg 768w\" sizes=\"(max-width: 1400px) 100vw, 1400px\" title=\"\"><\/a>\n\t\t\t<\/div><\/figure><figure class='gallery-item'>\n\t\t\t<div class='gallery-icon landscape'>\n\t\t\t\t<a data-elementor-open-lightbox=\"yes\" data-elementor-lightbox-slideshow=\"fd96ade\" data-elementor-lightbox-title=\"cyprus grey web\" data-e-action-hash=\"#elementor-action%3Aaction%3Dlightbox%26settings%3DeyJpZCI6NzU4MCwidXJsIjoiaHR0cHM6XC9cL21pbmVtYXJibGUuY29tXC93cC1jb250ZW50XC91cGxvYWRzXC8yMDIzXC8xMlwvY3lwcnVzLWdyZXktd2ViLmpwZyIsInNsaWRlc2hvdyI6ImZkOTZhZGUifQ%3D%3D\" href='https:\/\/minemarble.com\/wp-content\/uploads\/2023\/12\/cyprus-grey-web.jpg'><img loading=\"lazy\" decoding=\"async\" width=\"1532\" height=\"879\" src=\"https:\/\/minemarble.com\/wp-content\/uploads\/2023\/12\/cyprus-grey-web.jpg\" class=\"attachment-full size-full\" alt=\"Mine Marble\" srcset=\"https:\/\/minemarble.com\/wp-content\/uploads\/2023\/12\/cyprus-grey-web.jpg 1532w, https:\/\/minemarble.com\/wp-content\/uploads\/2023\/12\/cyprus-grey-web-600x344.jpg 600w, https:\/\/minemarble.com\/wp-content\/uploads\/2023\/12\/cyprus-grey-web-300x172.jpg 300w, https:\/\/minemarble.com\/wp-content\/uploads\/2023\/12\/cyprus-grey-web-1024x588.jpg 1024w, https:\/\/minemarble.com\/wp-content\/uploads\/2023\/12\/cyprus-grey-web-768x441.jpg 768w\" sizes=\"(max-width: 1532px) 100vw, 1532px\" title=\"\"><\/a>\n\t\t\t<\/div><\/figure>\n\t\t<\/div>\n\t\t<\/div>\n\t\t\t\t<\/div>\n\t\t\t\t<\/div>\n\t\t\t\t\t<\/div>\n\t\t<\/div>\n\t\t\t\t\t\t\t<\/div>\n\t\t<\/div>\n\t\t\t\t\t<\/div>\n\t\t<\/div>\n\t\t\t\t\t\t\t<\/div>\n\t\t<\/div>\n\t\t\t\t\t\t\t<\/div>\n\t\t","protected":false},"excerpt":{"rendered":"<p>Madenimizden g\u00f6r\u00fcnt\u00fcler Mine Marble Diledi\u011finiz zaman bizimle ileti\u015fime ge\u00e7erek , madenimizi ziyaret edebilirsiniz.<\/p>\n","protected":false},"author":1,"featured_media":0,"parent":0,"menu_order":0,"comment_status":"closed","ping_status":"closed","template":"","meta":{"_eb_attr":"","footnotes":""},"class_list":["post-7793","page","type-page","status-publish","hentry"],"acf":[],"_links":{"self":[{"href":"https:\/\/minemarble.com\/tr\/wp-json\/wp\/v2\/pages\/7793","targetHints":{"allow":["GET"]}}],"collection":[{"href":"https:\/\/minemarble.com\/tr\/wp-json\/wp\/v2\/pages"}],"about":[{"href":"https:\/\/minemarble.com\/tr\/wp-json\/wp\/v2\/types\/page"}],"author":[{"embeddable":true,"href":"https:\/\/minemarble.com\/tr\/wp-json\/wp\/v2\/users\/1"}],"replies":[{"embeddable":true,"href":"https:\/\/minemarble.com\/tr\/wp-json\/wp\/v2\/comments?post=7793"}],"version-history":[{"count":16,"href":"https:\/\/minemarble.com\/tr\/wp-json\/wp\/v2\/pages\/7793\/revisions"}],"predecessor-version":[{"id":7810,"href":"https:\/\/minemarble.com\/tr\/wp-json\/wp\/v2\/pages\/7793\/revisions\/7810"}],"wp:attachment":[{"href":"https:\/\/minemarble.com\/tr\/wp-json\/wp\/v2\/media?parent=7793"}],"curies":[{"name":"wp","href":"https:\/\/api.w.org\/{rel}","templated":true}]}}