{"id":7728,"date":"2023-12-31T09:20:06","date_gmt":"2023-12-31T09:20:06","guid":{"rendered":"https:\/\/minemarble.com\/?post_type=product&#038;p=7728"},"modified":"2026-04-03T10:09:10","modified_gmt":"2026-04-03T10:09:10","slug":"kibris-gri-mermer-plaka","status":"publish","type":"product","link":"https:\/\/minemarble.com\/tr\/kibris-gri-mermer-plaka","title":{"rendered":"K\u0131br\u0131s Gri Mermer Plaka"},"content":{"rendered":"\t\t<div data-elementor-type=\"product-post\" data-elementor-id=\"7728\" class=\"elementor elementor-7728 elementor-7545\" data-elementor-post-type=\"product\">\n\t\t\t\t\t\t\t<div data-particle_enable=\"false\" data-particle-mobile-disabled=\"false\" class=\"elementor-element elementor-element-4ba56a94 e-flex e-con-boxed e-con e-parent\" data-id=\"4ba56a94\" data-element_type=\"container\" data-settings=\"{&quot;content_width&quot;:&quot;boxed&quot;}\" data-core-v316-plus=\"true\">\n\t\t\t\t\t<div class=\"e-con-inner\">\n\t\t\t\t<div class=\"elementor-element elementor-element-3c7b3e30 elementor-widget elementor-widget-text-editor\" data-id=\"3c7b3e30\" data-element_type=\"widget\" data-widget_type=\"text-editor.default\">\n\t\t\t\t<div class=\"elementor-widget-container\">\n\t\t\t<style>\/*! elementor - v3.18.0 - 08-12-2023 *\/\n.elementor-widget-text-editor.elementor-drop-cap-view-stacked .elementor-drop-cap{background-color:#69727d;color:#fff}.elementor-widget-text-editor.elementor-drop-cap-view-framed .elementor-drop-cap{color:#69727d;border:3px solid;background-color:transparent}.elementor-widget-text-editor:not(.elementor-drop-cap-view-default) .elementor-drop-cap{margin-top:8px}.elementor-widget-text-editor:not(.elementor-drop-cap-view-default) .elementor-drop-cap-letter{width:1em;height:1em}.elementor-widget-text-editor .elementor-drop-cap{float:left;text-align:center;line-height:1;font-size:50px}.elementor-widget-text-editor .elementor-drop-cap-letter{display:inline-block}<\/style>\t\t\t\t<p>Do\u011frudan T\u00fcrkiye&#8217;deki ocaklar\u0131m\u0131zdan temin edilen K\u0131br\u0131s gri mermeri, her mekana sofistike ve \u00e7a\u011fda\u015f bir hava katan zengin gri tonlar\u0131yla \u00fcnl\u00fcd\u00fcr. Tasar\u0131mc\u0131lar ve mimarlar aras\u0131nda Savannah Grisi, Koyu Savana Grisi, Koyu Gri Mermer, Kastamonu Grisi ve Gri Emperador gibi \u00e7e\u015fitli isimlerle bilinen bu mermer, benzersiz renk ve karakter kar\u0131\u015f\u0131m\u0131yla \u00fcnl\u00fcd\u00fcr.<\/p><p>L\u00fcks otel lobilerinden modern konut i\u00e7 mekanlar\u0131na kadar geni\u015f bir uygulama yelpazesi i\u00e7in ideal olan K\u0131br\u0131s Gri Mermerimiz, en y\u00fcksek kalite standartlar\u0131n\u0131 kar\u015f\u0131lamak i\u00e7in ustal\u0131kla \u00fcretilmi\u015ftir. \u0130ster zarif yer d\u00f6\u015femeleri, ister \u00e7arp\u0131c\u0131 duvar kaplamalar\u0131 veya \u0131smarlama tezgahlar i\u00e7in kullan\u0131ls\u0131n, rafine bir l\u00fcks dokunu\u015fu katar. Do\u011frudan \u00fcreticiler olarak, bu enfes mermeri sunmaktan gurur duyuyor ve her levhan\u0131n do\u011fal g\u00fczelli\u011fin bir ba\u015fyap\u0131t\u0131 olmas\u0131n\u0131 sa\u011fl\u0131yoruz.<\/p>\t\t\t\t\t\t<\/div>\n\t\t\t\t<\/div>\n\t\t\t\t\t<\/div>\n\t\t\t\t<\/div>\n\t\t<div data-particle_enable=\"false\" data-particle-mobile-disabled=\"false\" class=\"elementor-element elementor-element-c08190c e-flex e-con-boxed e-con e-parent\" data-id=\"c08190c\" data-element_type=\"container\" data-settings=\"{&quot;content_width&quot;:&quot;boxed&quot;}\" data-core-v316-plus=\"true\">\n\t\t\t\t\t<div class=\"e-con-inner\">\n\t\t\t\t<div class=\"elementor-element elementor-element-3b016da elementor-widget elementor-widget-text-editor\" data-id=\"3b016da\" data-element_type=\"widget\" data-widget_type=\"text-editor.default\">\n\t\t\t\t<div class=\"elementor-widget-container\">\n\t\t\t\t\t\t\t<table style=\"font-family: var( --e-global-typography-text-font-family ), Sans-serif; text-align: var(--text-align); font-size: 1rem;\"><thead><tr><th>Mermer Tipi<\/th><th>Fiyat (m2)<\/th><\/tr><\/thead><tbody><tr><td>Ham K\u0131br\u0131s Gri Mermer Plaka<\/td><td>$55<\/td><\/tr><tr><td>\u0130\u015flenmi\u015f K\u0131br\u0131s Gri Mermer Plaka<\/td><td>$60<\/td><\/tr><\/tbody><\/table>\t\t\t\t\t\t<\/div>\n\t\t\t\t<\/div>\n\t\t\t\t\t<\/div>\n\t\t\t\t<\/div>\n\t\t<div data-particle_enable=\"false\" data-particle-mobile-disabled=\"false\" class=\"elementor-element elementor-element-e30f029 e-flex e-con-boxed e-con e-parent\" data-id=\"e30f029\" data-element_type=\"container\" data-settings=\"{&quot;content_width&quot;:&quot;boxed&quot;}\" data-core-v316-plus=\"true\">\n\t\t\t\t\t<div class=\"e-con-inner\">\n\t\t<div data-particle_enable=\"false\" data-particle-mobile-disabled=\"false\" class=\"elementor-element elementor-element-056f47f e-con-full e-flex e-con e-child\" data-id=\"056f47f\" data-element_type=\"container\" data-settings=\"{&quot;content_width&quot;:&quot;full&quot;}\">\n\t\t\t\t<div class=\"elementor-element elementor-element-bf850db elementor-widget elementor-widget-image\" data-id=\"bf850db\" data-element_type=\"widget\" data-widget_type=\"image.default\">\n\t\t\t\t<div class=\"elementor-widget-container\">\n\t\t\t<style>\/*! elementor - v3.18.0 - 08-12-2023 *\/\n.elementor-widget-image{text-align:center}.elementor-widget-image a{display:inline-block}.elementor-widget-image a img[src$=\".svg\"]{width:48px}.elementor-widget-image img{vertical-align:middle;display:inline-block}<\/style>\t\t\t\t\t\t\t\t\t\t\t\t<img fetchpriority=\"high\" decoding=\"async\" width=\"436\" height=\"413\" src=\"https:\/\/minemarble.com\/wp-content\/uploads\/2023\/12\/plaka3_web-min.jpg\" class=\"attachment-large size-large wp-image-7558\" alt=\"Mine Marble\" srcset=\"https:\/\/minemarble.com\/wp-content\/uploads\/2023\/12\/plaka3_web-min.jpg 436w, https:\/\/minemarble.com\/wp-content\/uploads\/2023\/12\/plaka3_web-min-300x284.jpg 300w\" sizes=\"(max-width: 436px) 100vw, 436px\" title=\"\">\t\t\t\t\t\t\t\t\t\t\t\t\t\t\t<\/div>\n\t\t\t\t<\/div>\n\t\t\t\t<\/div>\n\t\t<div data-particle_enable=\"false\" data-particle-mobile-disabled=\"false\" class=\"elementor-element elementor-element-0325d57 e-con-full e-flex e-con e-child\" data-id=\"0325d57\" data-element_type=\"container\" data-settings=\"{&quot;content_width&quot;:&quot;full&quot;}\">\n\t\t\t\t<div class=\"elementor-element elementor-element-686d101 elementor-widget elementor-widget-image\" data-id=\"686d101\" data-element_type=\"widget\" data-widget_type=\"image.default\">\n\t\t\t\t<div class=\"elementor-widget-container\">\n\t\t\t\t\t\t\t\t\t\t\t\t\t\t\t<img decoding=\"async\" width=\"525\" height=\"301\" src=\"https:\/\/minemarble.com\/wp-content\/uploads\/2023\/12\/cyprus-grey-web-min-1024x588.jpg\" class=\"attachment-large size-large wp-image-7548\" alt=\"Mine Marble\" srcset=\"https:\/\/minemarble.com\/wp-content\/uploads\/2023\/12\/cyprus-grey-web-min-1024x588.jpg 1024w, https:\/\/minemarble.com\/wp-content\/uploads\/2023\/12\/cyprus-grey-web-min-600x344.jpg 600w, https:\/\/minemarble.com\/wp-content\/uploads\/2023\/12\/cyprus-grey-web-min-300x172.jpg 300w, https:\/\/minemarble.com\/wp-content\/uploads\/2023\/12\/cyprus-grey-web-min-768x441.jpg 768w, https:\/\/minemarble.com\/wp-content\/uploads\/2023\/12\/cyprus-grey-web-min.jpg 1532w\" sizes=\"(max-width: 525px) 100vw, 525px\" title=\"\">\t\t\t\t\t\t\t\t\t\t\t\t\t\t\t<\/div>\n\t\t\t\t<\/div>\n\t\t\t\t<\/div>\n\t\t\t\t\t<\/div>\n\t\t\t\t<\/div>\n\t\t<div data-particle_enable=\"false\" data-particle-mobile-disabled=\"false\" class=\"elementor-element elementor-element-9ae09d8 e-flex e-con-boxed e-con e-parent\" data-id=\"9ae09d8\" data-element_type=\"container\" data-settings=\"{&quot;content_width&quot;:&quot;boxed&quot;}\" data-core-v316-plus=\"true\">\n\t\t\t\t\t<div class=\"e-con-inner\">\n\t\t\t\t<div class=\"elementor-element elementor-element-3d50aa3 elementor-widget elementor-widget-heading\" data-id=\"3d50aa3\" data-element_type=\"widget\" data-widget_type=\"heading.default\">\n\t\t\t\t<div class=\"elementor-widget-container\">\n\t\t\t<style>\/*! elementor - v3.18.0 - 08-12-2023 *\/\n.elementor-heading-title{padding:0;margin:0;line-height:1}.elementor-widget-heading .elementor-heading-title[class*=elementor-size-]>a{color:inherit;font-size:inherit;line-height:inherit}.elementor-widget-heading .elementor-heading-title.elementor-size-small{font-size:15px}.elementor-widget-heading .elementor-heading-title.elementor-size-medium{font-size:19px}.elementor-widget-heading .elementor-heading-title.elementor-size-large{font-size:29px}.elementor-widget-heading .elementor-heading-title.elementor-size-xl{font-size:39px}.elementor-widget-heading .elementor-heading-title.elementor-size-xxl{font-size:59px}<\/style><h2 class=\"elementor-heading-title elementor-size-default\">S\u0131k\u00e7a Sorulan Sorular<\/h2>\t\t<\/div>\n\t\t\t\t<\/div>\n\t\t\t\t\t<\/div>\n\t\t\t\t<\/div>\n\t\t<div data-particle_enable=\"false\" data-particle-mobile-disabled=\"false\" class=\"elementor-element elementor-element-8f60cee e-flex e-con-boxed e-con e-parent\" data-id=\"8f60cee\" data-element_type=\"container\" data-settings=\"{&quot;content_width&quot;:&quot;boxed&quot;}\" data-core-v316-plus=\"true\">\n\t\t\t\t\t<div class=\"e-con-inner\">\n\t\t\t\t<div class=\"elementor-element elementor-element-7f2c091 elementor-widget elementor-widget-eael-adv-accordion\" data-id=\"7f2c091\" data-element_type=\"widget\" data-widget_type=\"eael-adv-accordion.default\">\n\t\t\t\t<div class=\"elementor-widget-container\">\n\t\t\t        <div class=\"eael-adv-accordion\" id=\"eael-adv-accordion-7f2c091\" data-scroll-on-click=\"no\" data-scroll-speed=\"300\" data-accordion-id=\"7f2c091\" data-accordion-type=\"accordion\" data-toogle-speed=\"300\">\n    <div class=\"eael-accordion-list\">\n                <div id=\"lenmi-gri-mermer-plakalar-d-mekan-projeleri-iin-kullanlabilir-mi\" class=\"elementor-tab-title eael-accordion-header\" tabindex=\"0\" data-tab=\"1\" aria-controls=\"elementor-tab-content-1331\"><span class=\"eael-advanced-accordion-icon-closed\"><svg aria-hidden=\"true\" class=\"fa-accordion-icon e-font-icon-svg e-fas-plus\" viewBox=\"0 0 448 512\" xmlns=\"http:\/\/www.w3.org\/2000\/svg\"><path d=\"M416 208H272V64c0-17.67-14.33-32-32-32h-32c-17.67 0-32 14.33-32 32v144H32c-17.67 0-32 14.33-32 32v32c0 17.67 14.33 32 32 32h144v144c0 17.67 14.33 32 32 32h32c17.67 0 32-14.33 32-32V304h144c17.67 0 32-14.33 32-32v-32c0-17.67-14.33-32-32-32z\"><\/path><\/svg><\/span><span class=\"eael-advanced-accordion-icon-opened\"><svg aria-hidden=\"true\" class=\"fa-accordion-icon e-font-icon-svg e-fas-minus\" viewBox=\"0 0 448 512\" xmlns=\"http:\/\/www.w3.org\/2000\/svg\"><path d=\"M416 208H32c-17.67 0-32 14.33-32 32v32c0 17.67 14.33 32 32 32h384c17.67 0 32-14.33 32-32v-32c0-17.67-14.33-32-32-32z\"><\/path><\/svg><\/span><span class=\"eael-accordion-tab-title\">\u0130\u015flenmi\u015f Gri Mermer plakalar d\u0131\u015f mekan projeleri i\u00e7in kullan\u0131labilir mi?<\/span><svg aria-hidden=\"true\" class=\"fa-toggle e-font-icon-svg e-fas-angle-right\" viewBox=\"0 0 256 512\" xmlns=\"http:\/\/www.w3.org\/2000\/svg\"><path d=\"M224.3 273l-136 136c-9.4 9.4-24.6 9.4-33.9 0l-22.6-22.6c-9.4-9.4-9.4-24.6 0-33.9l96.4-96.4-96.4-96.4c-9.4-9.4-9.4-24.6 0-33.9L54.3 103c9.4-9.4 24.6-9.4 33.9 0l136 136c9.5 9.4 9.5 24.6.1 34z\"><\/path><\/svg><\/div><div id=\"elementor-tab-content-1331\" class=\"eael-accordion-content clearfix\" data-tab=\"1\" aria-labelledby=\"lenmi-gri-mermer-plakalar-d-mekan-projeleri-iin-kullanlabilir-mi\"><p>Kesinlikle. \u0130\u015flenmi\u015f Gri Mermer plakalar\u0131m\u0131z sadece zarif de\u011fil, ayn\u0131 zamanda d\u0131\u015f mekan kullan\u0131m\u0131 i\u00e7in yeterince dayan\u0131kl\u0131d\u0131r. \u00c7e\u015fitli hava ko\u015fullar\u0131na dayanacak \u015fekilde i\u015flenmi\u015f olmalar\u0131, onlar\u0131 veranda ve d\u0131\u015f cephe kaplamas\u0131 gibi d\u0131\u015f mekanlar i\u00e7in uygun hale getirir.<\/p><\/div>\n                <\/div><div class=\"eael-accordion-list\">\n                <div id=\"gri-mermer-plakalar-lekelenmeye-kar-korunakl-m\" class=\"elementor-tab-title eael-accordion-header\" tabindex=\"0\" data-tab=\"2\" aria-controls=\"elementor-tab-content-1332\"><span class=\"eael-advanced-accordion-icon-closed\"><svg aria-hidden=\"true\" class=\"fa-accordion-icon e-font-icon-svg e-fas-plus\" viewBox=\"0 0 448 512\" xmlns=\"http:\/\/www.w3.org\/2000\/svg\"><path d=\"M416 208H272V64c0-17.67-14.33-32-32-32h-32c-17.67 0-32 14.33-32 32v144H32c-17.67 0-32 14.33-32 32v32c0 17.67 14.33 32 32 32h144v144c0 17.67 14.33 32 32 32h32c17.67 0 32-14.33 32-32V304h144c17.67 0 32-14.33 32-32v-32c0-17.67-14.33-32-32-32z\"><\/path><\/svg><\/span><span class=\"eael-advanced-accordion-icon-opened\"><svg aria-hidden=\"true\" class=\"fa-accordion-icon e-font-icon-svg e-fas-minus\" viewBox=\"0 0 448 512\" xmlns=\"http:\/\/www.w3.org\/2000\/svg\"><path d=\"M416 208H32c-17.67 0-32 14.33-32 32v32c0 17.67 14.33 32 32 32h384c17.67 0 32-14.33 32-32v-32c0-17.67-14.33-32-32-32z\"><\/path><\/svg><\/span><span class=\"eael-accordion-tab-title\">Gri Mermer plakalar lekelenmeye kar\u015f\u0131 korunakl\u0131 m\u0131?<\/span><svg aria-hidden=\"true\" class=\"fa-toggle e-font-icon-svg e-fas-angle-right\" viewBox=\"0 0 256 512\" xmlns=\"http:\/\/www.w3.org\/2000\/svg\"><path d=\"M224.3 273l-136 136c-9.4 9.4-24.6 9.4-33.9 0l-22.6-22.6c-9.4-9.4-9.4-24.6 0-33.9l96.4-96.4-96.4-96.4c-9.4-9.4-9.4-24.6 0-33.9L54.3 103c9.4-9.4 24.6-9.4 33.9 0l136 136c9.5 9.4 9.5 24.6.1 34z\"><\/path><\/svg><\/div><div id=\"elementor-tab-content-1332\" class=\"eael-accordion-content clearfix\" data-tab=\"2\" aria-labelledby=\"gri-mermer-plakalar-lekelenmeye-kar-korunakl-m\"><p>Evet, i\u015flenmi\u015f Gri Mermer plakalar\u0131m\u0131z, lekelere ve d\u00f6k\u00fclmelere kar\u015f\u0131 diren\u00e7lerini art\u0131ran bir s\u0131zd\u0131rmazl\u0131k i\u015fleminden ge\u00e7irilir, bu da onlar\u0131 yo\u011fun trafik alanlar\u0131 ve neme e\u011filimli alanlar i\u00e7in ideal hale getirir.<\/p><\/div>\n                <\/div><div class=\"eael-accordion-list\">\n                <div id=\"gri-mermer-plakalar-iin-hangi-kalnlklar-mevcuttur\" class=\"elementor-tab-title eael-accordion-header\" tabindex=\"0\" data-tab=\"3\" aria-controls=\"elementor-tab-content-1333\"><span class=\"eael-advanced-accordion-icon-closed\"><svg aria-hidden=\"true\" class=\"fa-accordion-icon e-font-icon-svg e-fas-plus\" viewBox=\"0 0 448 512\" xmlns=\"http:\/\/www.w3.org\/2000\/svg\"><path d=\"M416 208H272V64c0-17.67-14.33-32-32-32h-32c-17.67 0-32 14.33-32 32v144H32c-17.67 0-32 14.33-32 32v32c0 17.67 14.33 32 32 32h144v144c0 17.67 14.33 32 32 32h32c17.67 0 32-14.33 32-32V304h144c17.67 0 32-14.33 32-32v-32c0-17.67-14.33-32-32-32z\"><\/path><\/svg><\/span><span class=\"eael-advanced-accordion-icon-opened\"><svg aria-hidden=\"true\" class=\"fa-accordion-icon e-font-icon-svg e-fas-minus\" viewBox=\"0 0 448 512\" xmlns=\"http:\/\/www.w3.org\/2000\/svg\"><path d=\"M416 208H32c-17.67 0-32 14.33-32 32v32c0 17.67 14.33 32 32 32h384c17.67 0 32-14.33 32-32v-32c0-17.67-14.33-32-32-32z\"><\/path><\/svg><\/span><span class=\"eael-accordion-tab-title\">Gri Mermer plakalar i\u00e7in hangi kal\u0131nl\u0131klar mevcuttur?<\/span><svg aria-hidden=\"true\" class=\"fa-toggle e-font-icon-svg e-fas-angle-right\" viewBox=\"0 0 256 512\" xmlns=\"http:\/\/www.w3.org\/2000\/svg\"><path d=\"M224.3 273l-136 136c-9.4 9.4-24.6 9.4-33.9 0l-22.6-22.6c-9.4-9.4-9.4-24.6 0-33.9l96.4-96.4-96.4-96.4c-9.4-9.4-9.4-24.6 0-33.9L54.3 103c9.4-9.4 24.6-9.4 33.9 0l136 136c9.5 9.4 9.5 24.6.1 34z\"><\/path><\/svg><\/div><div id=\"elementor-tab-content-1333\" class=\"eael-accordion-content clearfix\" data-tab=\"3\" aria-labelledby=\"gri-mermer-plakalar-iin-hangi-kalnlklar-mevcuttur\"><p>Farkl\u0131 proje gereksinimlerine uygun \u00e7e\u015fitli kal\u0131nl\u0131klar sunuyoruz. Yayg\u0131n levha kal\u0131nl\u0131klar\u0131 aras\u0131nda 20 mm ve 30 mm bulunur, ancak \u00f6zel ihtiya\u00e7lara g\u00f6re \u00f6zelle\u015ftirilmi\u015f kal\u0131nl\u0131klar sa\u011flayabiliriz.<\/p><\/div>\n                <\/div><div class=\"eael-accordion-list\">\n                <div id=\"gri-mermer-plakalar-iin-zelletirilmi-boyutlar-mevcut-mu\" class=\"elementor-tab-title eael-accordion-header\" tabindex=\"0\" data-tab=\"4\" aria-controls=\"elementor-tab-content-1334\"><span class=\"eael-advanced-accordion-icon-closed\"><svg aria-hidden=\"true\" class=\"fa-accordion-icon e-font-icon-svg e-fas-plus\" viewBox=\"0 0 448 512\" xmlns=\"http:\/\/www.w3.org\/2000\/svg\"><path d=\"M416 208H272V64c0-17.67-14.33-32-32-32h-32c-17.67 0-32 14.33-32 32v144H32c-17.67 0-32 14.33-32 32v32c0 17.67 14.33 32 32 32h144v144c0 17.67 14.33 32 32 32h32c17.67 0 32-14.33 32-32V304h144c17.67 0 32-14.33 32-32v-32c0-17.67-14.33-32-32-32z\"><\/path><\/svg><\/span><span class=\"eael-advanced-accordion-icon-opened\"><svg aria-hidden=\"true\" class=\"fa-accordion-icon e-font-icon-svg e-fas-minus\" viewBox=\"0 0 448 512\" xmlns=\"http:\/\/www.w3.org\/2000\/svg\"><path d=\"M416 208H32c-17.67 0-32 14.33-32 32v32c0 17.67 14.33 32 32 32h384c17.67 0 32-14.33 32-32v-32c0-17.67-14.33-32-32-32z\"><\/path><\/svg><\/span><span class=\"eael-accordion-tab-title\">Gri Mermer plakalar i\u00e7in \u00f6zelle\u015ftirilmi\u015f boyutlar mevcut mu?<\/span><svg aria-hidden=\"true\" class=\"fa-toggle e-font-icon-svg e-fas-angle-right\" viewBox=\"0 0 256 512\" xmlns=\"http:\/\/www.w3.org\/2000\/svg\"><path d=\"M224.3 273l-136 136c-9.4 9.4-24.6 9.4-33.9 0l-22.6-22.6c-9.4-9.4-9.4-24.6 0-33.9l96.4-96.4-96.4-96.4c-9.4-9.4-9.4-24.6 0-33.9L54.3 103c9.4-9.4 24.6-9.4 33.9 0l136 136c9.5 9.4 9.5 24.6.1 34z\"><\/path><\/svg><\/div><div id=\"elementor-tab-content-1334\" class=\"eael-accordion-content clearfix\" data-tab=\"4\" aria-labelledby=\"gri-mermer-plakalar-iin-zelletirilmi-boyutlar-mevcut-mu\"><p>Evet, boyut ve \u015fekil a\u00e7\u0131s\u0131ndan \u00f6zelle\u015ftirme sunuyoruz. Ekibimiz mermer plakalar\u0131 \u00f6zel \u00f6l\u00e7\u00fclerinize g\u00f6re keserek tasar\u0131m \u015feman\u0131za m\u00fckemmel bir \u015fekilde uymalar\u0131n\u0131 sa\u011flayabilir.<\/p><\/div>\n                <\/div><div class=\"eael-accordion-list\">\n                <div id=\"gri-mermer-plakalarn-parlakln-ve-yzeyini-nasl-koruyabilirim\" class=\"elementor-tab-title eael-accordion-header\" tabindex=\"0\" data-tab=\"5\" aria-controls=\"elementor-tab-content-1335\"><span class=\"eael-advanced-accordion-icon-closed\"><svg aria-hidden=\"true\" class=\"fa-accordion-icon e-font-icon-svg e-fas-plus\" viewBox=\"0 0 448 512\" xmlns=\"http:\/\/www.w3.org\/2000\/svg\"><path d=\"M416 208H272V64c0-17.67-14.33-32-32-32h-32c-17.67 0-32 14.33-32 32v144H32c-17.67 0-32 14.33-32 32v32c0 17.67 14.33 32 32 32h144v144c0 17.67 14.33 32 32 32h32c17.67 0 32-14.33 32-32V304h144c17.67 0 32-14.33 32-32v-32c0-17.67-14.33-32-32-32z\"><\/path><\/svg><\/span><span class=\"eael-advanced-accordion-icon-opened\"><svg aria-hidden=\"true\" class=\"fa-accordion-icon e-font-icon-svg e-fas-minus\" viewBox=\"0 0 448 512\" xmlns=\"http:\/\/www.w3.org\/2000\/svg\"><path d=\"M416 208H32c-17.67 0-32 14.33-32 32v32c0 17.67 14.33 32 32 32h384c17.67 0 32-14.33 32-32v-32c0-17.67-14.33-32-32-32z\"><\/path><\/svg><\/span><span class=\"eael-accordion-tab-title\">Gri Mermer plakalar\u0131n parlakl\u0131\u011f\u0131n\u0131 ve y\u00fczeyini nas\u0131l koruyabilirim?<\/span><svg aria-hidden=\"true\" class=\"fa-toggle e-font-icon-svg e-fas-angle-right\" viewBox=\"0 0 256 512\" xmlns=\"http:\/\/www.w3.org\/2000\/svg\"><path d=\"M224.3 273l-136 136c-9.4 9.4-24.6 9.4-33.9 0l-22.6-22.6c-9.4-9.4-9.4-24.6 0-33.9l96.4-96.4-96.4-96.4c-9.4-9.4-9.4-24.6 0-33.9L54.3 103c9.4-9.4 24.6-9.4 33.9 0l136 136c9.5 9.4 9.5 24.6.1 34z\"><\/path><\/svg><\/div><div id=\"elementor-tab-content-1335\" class=\"eael-accordion-content clearfix\" data-tab=\"5\" aria-labelledby=\"gri-mermer-plakalarn-parlakln-ve-yzeyini-nasl-koruyabilirim\"><p>G\u00fcnl\u00fck bak\u0131m i\u00e7in hafif bir deterjan ve su ile d\u00fczenli temizlik yeterlidir. Uzun s\u00fcreli bak\u0131m i\u00e7in, mermerin parlakl\u0131\u011f\u0131n\u0131 korumak ve y\u00fczeyini korumak i\u00e7in periyodik olarak yeniden cilalanmas\u0131 \u00f6nerilir.Uzmanlar\u0131m\u0131z size bu konu hakk\u0131nda bilgi vereceklerdir.<\/p><\/div>\n                <\/div><div class=\"eael-accordion-list\">\n                <div id=\"satn-almadan-nce-gri-mermer-plakalar-grmek-iin-tesisinizi-ziyaret-edebilir-miyiz\" class=\"elementor-tab-title eael-accordion-header\" tabindex=\"0\" data-tab=\"6\" aria-controls=\"elementor-tab-content-1336\"><span class=\"eael-advanced-accordion-icon-closed\"><svg aria-hidden=\"true\" class=\"fa-accordion-icon e-font-icon-svg e-fas-plus\" viewBox=\"0 0 448 512\" xmlns=\"http:\/\/www.w3.org\/2000\/svg\"><path d=\"M416 208H272V64c0-17.67-14.33-32-32-32h-32c-17.67 0-32 14.33-32 32v144H32c-17.67 0-32 14.33-32 32v32c0 17.67 14.33 32 32 32h144v144c0 17.67 14.33 32 32 32h32c17.67 0 32-14.33 32-32V304h144c17.67 0 32-14.33 32-32v-32c0-17.67-14.33-32-32-32z\"><\/path><\/svg><\/span><span class=\"eael-advanced-accordion-icon-opened\"><svg aria-hidden=\"true\" class=\"fa-accordion-icon e-font-icon-svg e-fas-minus\" viewBox=\"0 0 448 512\" xmlns=\"http:\/\/www.w3.org\/2000\/svg\"><path d=\"M416 208H32c-17.67 0-32 14.33-32 32v32c0 17.67 14.33 32 32 32h384c17.67 0 32-14.33 32-32v-32c0-17.67-14.33-32-32-32z\"><\/path><\/svg><\/span><span class=\"eael-accordion-tab-title\">Sat\u0131n almadan \u00f6nce Gri Mermer plakalar\u0131 g\u00f6rmek i\u00e7in tesisinizi ziyaret edebilir miyiz?<\/span><svg aria-hidden=\"true\" class=\"fa-toggle e-font-icon-svg e-fas-angle-right\" viewBox=\"0 0 256 512\" xmlns=\"http:\/\/www.w3.org\/2000\/svg\"><path d=\"M224.3 273l-136 136c-9.4 9.4-24.6 9.4-33.9 0l-22.6-22.6c-9.4-9.4-9.4-24.6 0-33.9l96.4-96.4-96.4-96.4c-9.4-9.4-9.4-24.6 0-33.9L54.3 103c9.4-9.4 24.6-9.4 33.9 0l136 136c9.5 9.4 9.5 24.6.1 34z\"><\/path><\/svg><\/div><div id=\"elementor-tab-content-1336\" class=\"eael-accordion-content clearfix\" data-tab=\"6\" aria-labelledby=\"satn-almadan-nce-gri-mermer-plakalar-grmek-iin-tesisinizi-ziyaret-edebilir-miyiz\"><p>Evet, kesinlikle! Gri Mermer plaka se\u00e7eneklerimizi bizzat g\u00f6rmek i\u00e7in sizi tesisimizi ziyaret etmeye davet ediyoruz. Mermeri ilk elden g\u00f6rmek, projenizin \u00f6zel ihtiya\u00e7lar\u0131 konusunda daha bilin\u00e7li bir karar vermenize yard\u0131mc\u0131 olabilir. Uygun bir zamanda bir ziyaret planlamak i\u00e7in l\u00fctfen bizimle ileti\u015fime ge\u00e7in.<\/p><\/div>\n                <\/div><\/div>\t\t<\/div>\n\t\t\t\t<\/div>\n\t\t\t\t\t<\/div>\n\t\t\t\t<\/div>\n\t\t\t\t\t\t\t<\/div>\n\t\t","protected":false},"excerpt":{"rendered":"<p>T\u00fcrkiye&#8217;den temin edilen K\u0131br\u0131s Gri Mermer Plakam\u0131z, ustal\u0131kla i\u015flenmi\u015f ve \u00e7e\u015fitli uygulamalar i\u00e7in haz\u0131r cilal\u0131 blok formunda sunulmu\u015ftur. Her bir plaka, mermerin do\u011fal g\u00fczelli\u011fini vurgulayan p\u00fcr\u00fczs\u00fcz, rafine bir y\u00fczey sergileyerek T\u00fcrk i\u015f\u00e7ili\u011finin bir kan\u0131t\u0131d\u0131r. L\u00fcks otel i\u00e7 mekanlar\u0131, sofistike konut alanlar\u0131 ve zarif ticari alanlar i\u00e7in ideal olan bu plakalar, \u00e7arp\u0131c\u0131 tezgahlar, yer d\u00f6\u015femeleri ve dekoratif duvar kaplamalar\u0131 olu\u015fturmak i\u00e7in m\u00fckemmeldir.<\/p>\n","protected":false},"featured_media":7555,"comment_status":"open","ping_status":"closed","template":"","meta":{"_eb_attr":""},"product_cat":[100],"product_tag":[],"class_list":{"0":"post-7728","1":"product","2":"type-product","3":"status-publish","4":"has-post-thumbnail","6":"product_cat-gri-mermer","8":"first","9":"instock","10":"sale","11":"shipping-taxable","12":"purchasable","13":"product-type-simple"},"acf":[],"_links":{"self":[{"href":"https:\/\/minemarble.com\/tr\/wp-json\/wp\/v2\/product\/7728","targetHints":{"allow":["GET"]}}],"collection":[{"href":"https:\/\/minemarble.com\/tr\/wp-json\/wp\/v2\/product"}],"about":[{"href":"https:\/\/minemarble.com\/tr\/wp-json\/wp\/v2\/types\/product"}],"replies":[{"embeddable":true,"href":"https:\/\/minemarble.com\/tr\/wp-json\/wp\/v2\/comments?post=7728"}],"version-history":[{"count":9,"href":"https:\/\/minemarble.com\/tr\/wp-json\/wp\/v2\/product\/7728\/revisions"}],"predecessor-version":[{"id":7940,"href":"https:\/\/minemarble.com\/tr\/wp-json\/wp\/v2\/product\/7728\/revisions\/7940"}],"wp:featuredmedia":[{"embeddable":true,"href":"https:\/\/minemarble.com\/tr\/wp-json\/wp\/v2\/media\/7555"}],"wp:attachment":[{"href":"https:\/\/minemarble.com\/tr\/wp-json\/wp\/v2\/media?parent=7728"}],"wp:term":[{"taxonomy":"product_cat","embeddable":true,"href":"https:\/\/minemarble.com\/tr\/wp-json\/wp\/v2\/product_cat?post=7728"},{"taxonomy":"product_tag","embeddable":true,"href":"https:\/\/minemarble.com\/tr\/wp-json\/wp\/v2\/product_tag?post=7728"}],"curies":[{"name":"wp","href":"https:\/\/api.w.org\/{rel}","templated":true}]}}