{"id":7735,"date":"2023-12-29T12:33:25","date_gmt":"2023-12-29T12:33:25","guid":{"rendered":"https:\/\/minemarble.com\/product\/marble-grey"},"modified":"2026-02-11T15:24:26","modified_gmt":"2026-02-11T15:24:26","slug":"marble-grey","status":"publish","type":"product","link":"https:\/\/minemarble.com\/tr\/kibris-gri-mermer-blok","title":{"rendered":"K\u0131br\u0131s Gri Mermer Blok"},"content":{"rendered":"\t\t<div data-elementor-type=\"product-post\" data-elementor-id=\"7735\" class=\"elementor elementor-7735 elementor-7488\" data-elementor-post-type=\"product\">\n\t\t\t\t\t\t\t<div data-particle_enable=\"false\" data-particle-mobile-disabled=\"false\" class=\"elementor-element elementor-element-4ba56a94 e-flex e-con-boxed e-con e-parent\" data-id=\"4ba56a94\" data-element_type=\"container\" data-settings=\"{&quot;content_width&quot;:&quot;boxed&quot;}\" data-core-v316-plus=\"true\">\n\t\t\t\t\t<div class=\"e-con-inner\">\n\t\t\t\t<div class=\"elementor-element elementor-element-3c7b3e30 elementor-widget elementor-widget-text-editor\" data-id=\"3c7b3e30\" data-element_type=\"widget\" data-widget_type=\"text-editor.default\">\n\t\t\t\t<div class=\"elementor-widget-container\">\n\t\t\t<style>\/*! elementor - v3.18.0 - 08-12-2023 *\/\n.elementor-widget-text-editor.elementor-drop-cap-view-stacked .elementor-drop-cap{background-color:#69727d;color:#fff}.elementor-widget-text-editor.elementor-drop-cap-view-framed .elementor-drop-cap{color:#69727d;border:3px solid;background-color:transparent}.elementor-widget-text-editor:not(.elementor-drop-cap-view-default) .elementor-drop-cap{margin-top:8px}.elementor-widget-text-editor:not(.elementor-drop-cap-view-default) .elementor-drop-cap-letter{width:1em;height:1em}.elementor-widget-text-editor .elementor-drop-cap{float:left;text-align:center;line-height:1;font-size:50px}.elementor-widget-text-editor .elementor-drop-cap-letter{display:inline-block}<\/style>\t\t\t\t<div class=\"elementor-element elementor-element-74c8d102 elementor-widget elementor-widget-heading\" data-id=\"74c8d102\" data-element_type=\"widget\" data-widget_type=\"heading.default\"><div class=\"elementor-widget-container\"><h2 class=\"elementor-heading-title elementor-size-default\">K\u0131br\u0131s Gri Mermeri: T\u00fcrkiye&#8217;den Zarafet ve Dayan\u0131kl\u0131l\u0131\u011f\u0131n \u00d6z\u00fc<\/h2><\/div><\/div><div class=\"elementor-element elementor-element-74c03434 elementor-widget elementor-widget-text-editor\" data-id=\"74c03434\" data-element_type=\"widget\" data-widget_type=\"text-editor.default\"><div class=\"elementor-widget-container\"><p>Do\u011frudan \u00fcreticiler olarak, \u00fcretim s\u00fcrecinin her y\u00f6n\u00fcn\u00fc kontrol ediyor ve her bir K\u0131br\u0131s Grisi mermer levhas\u0131n\u0131n en y\u00fcksek kalite standartlar\u0131n\u0131 kar\u015f\u0131lamas\u0131n\u0131 sa\u011fl\u0131yoruz. T\u00fcrkiye&#8217;deki son teknoloji tesislerimizde mermerin \u00e7\u0131kar\u0131lmas\u0131 ve i\u015flenmesi i\u00e7in ileri teknoloji ve yetenekli i\u015f\u00e7ilik kullan\u0131lmakta ve sonu\u00e7ta sadece g\u00fczel de\u011fil ayn\u0131 zamanda tutarl\u0131 kalitede \u00fcr\u00fcnler elde edilmektedir.<\/p><p>Do\u011frudan bir \u00fcreticiyle \u00e7al\u0131\u015fman\u0131n en \u00f6nemli avantajlar\u0131ndan biri, m\u00fc\u015fterilere kaliteden \u00f6d\u00fcn vermeden uygun maliyetli \u00e7\u00f6z\u00fcmler sunabilmektir. Arac\u0131lar\u0131 ortadan kald\u0131rarak, m\u00fc\u015fterilerimize m\u00fcmk\u00fcn olan en iyi fiyatlar\u0131 sa\u011fl\u0131yoruz ve Cyprus Grey mermerini hem b\u00fcy\u00fck \u00f6l\u00e7ekli projeler hem de bireysel ihtiya\u00e7lar i\u00e7in eri\u015filebilir bir se\u00e7enek haline getiriyoruz.<\/p><\/div><\/div>\t\t\t\t\t\t<\/div>\n\t\t\t\t<\/div>\n\t\t\t\t\t<\/div>\n\t\t\t\t<\/div>\n\t\t<div data-particle_enable=\"false\" data-particle-mobile-disabled=\"false\" class=\"elementor-element elementor-element-db6d52e e-flex e-con-boxed e-con e-parent\" data-id=\"db6d52e\" data-element_type=\"container\" data-settings=\"{&quot;content_width&quot;:&quot;boxed&quot;}\" data-core-v316-plus=\"true\">\n\t\t\t\t\t<div class=\"e-con-inner\">\n\t\t\t\t<div class=\"elementor-element elementor-element-f91dd03 elementor-widget elementor-widget-text-editor\" data-id=\"f91dd03\" data-element_type=\"widget\" data-widget_type=\"text-editor.default\">\n\t\t\t\t<div class=\"elementor-widget-container\">\n\t\t\t\t\t\t\t<p>\u0130\u015fte K\u0131br\u0131s Gri Mermeri i\u00e7in alternatif isimler ve her biri i\u00e7in k\u0131sa a\u00e7\u0131klamalar i\u00e7eren g\u00fcncellenmi\u015f tablo:<\/p><table><thead><tr><th>Alternatif \u0130simler<\/th><th>A\u00e7\u0131klama<\/th><\/tr><\/thead><tbody><tr><td>Savanah Gri<\/td><td>A\u00e7\u0131k gri tonlar\u0131 ve ince desenleriyle bilinen pop\u00fcler bir varyant.<\/td><\/tr><tr><td>Koyu Savana Gri<\/td><td>Savanah Gri&#8217;nin daha koyu versiyonu, zengin gri tonlar\u0131 i\u00e7in tercih edilir.<\/td><\/tr><tr><td>Koyu Gri Mermer<\/td><td>Modern ve sofistike mekanlar i\u00e7in ideal olan koyu gri rengi vurgular.<\/td><\/tr><tr><td>Savannah Gri<\/td><td>Savanah Grey&#8217;e benzer, genellikle \u00e7e\u015fitli pazarlarda birbirinin yerine kullan\u0131l\u0131r.<\/td><\/tr><tr><td>Kastamonu Grisi<\/td><td>E\u015fsiz gri tonlar\u0131yla bilinen Kastamonu b\u00f6lgesinden geliyor.<\/td><\/tr><tr><td>Gri Emperador<\/td><td>Zarafeti nedeniyle genellikle \u00fcnl\u00fc Emperador mermeri ile kar\u015f\u0131la\u015ft\u0131r\u0131lan l\u00fcks bir varyant.<\/td><\/tr><tr><td>K\u0131br\u0131s Grisi<\/td><td>T\u00fcrkiye&#8217;nin do\u011fal zenginliklerinden elde edilen, sofistike gri tonlar\u0131yla mekanlara modern bir dokunu\u015f sunar.<\/td><\/tr><\/tbody><\/table>\t\t\t\t\t\t<\/div>\n\t\t\t\t<\/div>\n\t\t<div data-particle_enable=\"false\" data-particle-mobile-disabled=\"false\" class=\"elementor-element elementor-element-1e5942a e-flex e-con-boxed e-con e-child\" data-id=\"1e5942a\" data-element_type=\"container\" data-settings=\"{&quot;content_width&quot;:&quot;boxed&quot;}\">\n\t\t\t\t\t<div class=\"e-con-inner\">\n\t\t<div data-particle_enable=\"false\" data-particle-mobile-disabled=\"false\" class=\"elementor-element elementor-element-93d58fd e-con-full e-flex e-con e-child\" data-id=\"93d58fd\" data-element_type=\"container\" data-settings=\"{&quot;content_width&quot;:&quot;full&quot;}\">\n\t\t\t\t<div class=\"elementor-element elementor-element-8778801 elementor-widget__width-initial elementor-widget elementor-widget-image\" data-id=\"8778801\" data-element_type=\"widget\" data-widget_type=\"image.default\">\n\t\t\t\t<div class=\"elementor-widget-container\">\n\t\t\t<style>\/*! elementor - v3.18.0 - 08-12-2023 *\/\n.elementor-widget-image{text-align:center}.elementor-widget-image a{display:inline-block}.elementor-widget-image a img[src$=\".svg\"]{width:48px}.elementor-widget-image img{vertical-align:middle;display:inline-block}<\/style>\t\t\t\t\t\t\t\t\t\t\t\t<img fetchpriority=\"high\" decoding=\"async\" width=\"525\" height=\"700\" src=\"https:\/\/minemarble.com\/wp-content\/uploads\/2023\/12\/Marble9-min.jpeg\" class=\"attachment-large size-large wp-image-7536\" alt=\"Mine Marble\" srcset=\"https:\/\/minemarble.com\/wp-content\/uploads\/2023\/12\/Marble9-min.jpeg 768w, https:\/\/minemarble.com\/wp-content\/uploads\/2023\/12\/Marble9-min-600x800.jpeg 600w, https:\/\/minemarble.com\/wp-content\/uploads\/2023\/12\/Marble9-min-225x300.jpeg 225w\" sizes=\"(max-width: 525px) 100vw, 525px\" title=\"\">\t\t\t\t\t\t\t\t\t\t\t\t\t\t\t<\/div>\n\t\t\t\t<\/div>\n\t\t\t\t<\/div>\n\t\t<div data-particle_enable=\"false\" data-particle-mobile-disabled=\"false\" class=\"elementor-element elementor-element-9c34551 e-con-full e-flex e-con e-child\" data-id=\"9c34551\" data-element_type=\"container\" data-settings=\"{&quot;content_width&quot;:&quot;full&quot;}\">\n\t\t\t\t<div class=\"elementor-element elementor-element-2923a86 elementor-widget elementor-widget-image\" data-id=\"2923a86\" data-element_type=\"widget\" data-widget_type=\"image.default\">\n\t\t\t\t<div class=\"elementor-widget-container\">\n\t\t\t\t\t\t\t\t\t\t\t\t\t\t\t<img decoding=\"async\" width=\"525\" height=\"328\" src=\"https:\/\/minemarble.com\/wp-content\/uploads\/2023\/12\/turkey-marble-stone-768x480.jpg\" class=\"attachment-medium_large size-medium_large wp-image-6474\" alt=\"Mine Marble\" srcset=\"https:\/\/minemarble.com\/wp-content\/uploads\/2023\/12\/turkey-marble-stone-768x480.jpg 768w, https:\/\/minemarble.com\/wp-content\/uploads\/2023\/12\/turkey-marble-stone-600x375.jpg 600w, https:\/\/minemarble.com\/wp-content\/uploads\/2023\/12\/turkey-marble-stone-300x187.jpg 300w, https:\/\/minemarble.com\/wp-content\/uploads\/2023\/12\/turkey-marble-stone-1024x639.jpg 1024w, https:\/\/minemarble.com\/wp-content\/uploads\/2023\/12\/turkey-marble-stone-1536x959.jpg 1536w, https:\/\/minemarble.com\/wp-content\/uploads\/2023\/12\/turkey-marble-stone-2048x1279.jpg 2048w\" sizes=\"(max-width: 525px) 100vw, 525px\" title=\"\">\t\t\t\t\t\t\t\t\t\t\t\t\t\t\t<\/div>\n\t\t\t\t<\/div>\n\t\t\t\t<\/div>\n\t\t\t\t\t<\/div>\n\t\t\t\t<\/div>\n\t\t\t\t\t<\/div>\n\t\t\t\t<\/div>\n\t\t<div data-particle_enable=\"false\" data-particle-mobile-disabled=\"false\" class=\"elementor-element elementor-element-7210112 e-flex e-con-boxed e-con e-parent\" data-id=\"7210112\" data-element_type=\"container\" data-settings=\"{&quot;content_width&quot;:&quot;boxed&quot;}\" data-core-v316-plus=\"true\">\n\t\t\t\t\t<div class=\"e-con-inner\">\n\t\t\t\t<div class=\"elementor-element elementor-element-5c4d14a elementor-widget elementor-widget-text-editor\" data-id=\"5c4d14a\" data-element_type=\"widget\" data-widget_type=\"text-editor.default\">\n\t\t\t\t<div class=\"elementor-widget-container\">\n\t\t\t\t\t\t\t<table style=\"font-family: var( --e-global-typography-text-font-family ), Sans-serif; text-align: var(--text-align); font-size: 1rem;\"><thead><tr><th>Mermer Tipi<\/th><th>Fiyat (m2)<\/th><\/tr><\/thead><tbody><tr><td>Ham K\u0131br\u0131s Gri Mermer Blok<\/td><td>$35<\/td><\/tr><tr><td>\u0130\u015flenmi\u015f K\u0131br\u0131s Gri Mermer Blok<\/td><td>$40<\/td><\/tr><\/tbody><\/table>\t\t\t\t\t\t<\/div>\n\t\t\t\t<\/div>\n\t\t\t\t<div class=\"elementor-element elementor-element-0ca4533 elementor-widget elementor-widget-heading\" data-id=\"0ca4533\" data-element_type=\"widget\" data-widget_type=\"heading.default\">\n\t\t\t\t<div class=\"elementor-widget-container\">\n\t\t\t<style>\/*! elementor - v3.18.0 - 08-12-2023 *\/\n.elementor-heading-title{padding:0;margin:0;line-height:1}.elementor-widget-heading .elementor-heading-title[class*=elementor-size-]>a{color:inherit;font-size:inherit;line-height:inherit}.elementor-widget-heading .elementor-heading-title.elementor-size-small{font-size:15px}.elementor-widget-heading .elementor-heading-title.elementor-size-medium{font-size:19px}.elementor-widget-heading .elementor-heading-title.elementor-size-large{font-size:29px}.elementor-widget-heading .elementor-heading-title.elementor-size-xl{font-size:39px}.elementor-widget-heading .elementor-heading-title.elementor-size-xxl{font-size:59px}<\/style><h2 class=\"elementor-heading-title elementor-size-default\">do\u011frudan \u00fcreticiden sat\u0131n al\u0131n<\/h2>\t\t<\/div>\n\t\t\t\t<\/div>\n\t\t\t\t\t<\/div>\n\t\t\t\t<\/div>\n\t\t<div data-particle_enable=\"false\" data-particle-mobile-disabled=\"false\" class=\"elementor-element elementor-element-7ea524f e-flex e-con-boxed e-con e-parent\" data-id=\"7ea524f\" data-element_type=\"container\" data-settings=\"{&quot;content_width&quot;:&quot;boxed&quot;}\" data-core-v316-plus=\"true\">\n\t\t\t\t\t<div class=\"e-con-inner\">\n\t\t\t\t<div class=\"elementor-element elementor-element-6390806 elementor-widget elementor-widget-text-editor\" data-id=\"6390806\" data-element_type=\"widget\" data-widget_type=\"text-editor.default\">\n\t\t\t\t<div class=\"elementor-widget-container\">\n\t\t\t\t\t\t\t<p>T\u00fcrkiye&#8217;den K\u0131br\u0131s Gri mermeri g\u00fczellik, dayan\u0131kl\u0131l\u0131k ve \u00e7ok y\u00f6nl\u00fcl\u00fc\u011f\u00fcn somut bir \u00f6rne\u011fidir. Do\u011frudan \u00fcreticiler olarak, m\u00fc\u015fterilerimize hem estetik \u00e7ekicilik hem de pratik i\u015flevsellik taleplerini kar\u015f\u0131layan y\u00fcksek kaliteli, uygun fiyatl\u0131 mermer sa\u011flamaya kendimizi adad\u0131k. \u0130ster b\u00fcy\u00fck mimari projeler ister zarif ev tasar\u0131mlar\u0131 i\u00e7in olsun, K\u0131br\u0131s Grisi mermer, her alan\u0131 do\u011fal g\u00fczelli\u011fin ve rafine zevkin bir vitrinine d\u00f6n\u00fc\u015ft\u00fcrmeyi vaat eden m\u00fckemmel bir se\u00e7imdir.<\/p>\t\t\t\t\t\t<\/div>\n\t\t\t\t<\/div>\n\t\t<div data-particle_enable=\"false\" data-particle-mobile-disabled=\"false\" class=\"elementor-element elementor-element-1ea82c3 e-flex e-con-boxed e-con e-child\" data-id=\"1ea82c3\" data-element_type=\"container\" data-settings=\"{&quot;content_width&quot;:&quot;boxed&quot;}\">\n\t\t\t\t\t<div class=\"e-con-inner\">\n\t\t\t\t<div class=\"elementor-element elementor-element-8835121 elementor-widget elementor-widget-eael-adv-accordion\" data-id=\"8835121\" data-element_type=\"widget\" data-widget_type=\"eael-adv-accordion.default\">\n\t\t\t\t<div class=\"elementor-widget-container\">\n\t\t\t        <div class=\"eael-adv-accordion\" id=\"eael-adv-accordion-8835121\" data-scroll-on-click=\"no\" data-scroll-speed=\"300\" data-accordion-id=\"8835121\" data-accordion-type=\"accordion\" data-toogle-speed=\"300\">\n    <div class=\"eael-accordion-list\">\n                <div id=\"ham-gri-mermerin-bakmn-nasl-yapyorsunuz\" class=\"elementor-tab-title eael-accordion-header\" tabindex=\"0\" data-tab=\"1\" aria-controls=\"elementor-tab-content-1421\"><span class=\"eael-advanced-accordion-icon-closed\"><svg aria-hidden=\"true\" class=\"fa-accordion-icon e-font-icon-svg e-fas-plus\" viewBox=\"0 0 448 512\" xmlns=\"http:\/\/www.w3.org\/2000\/svg\"><path d=\"M416 208H272V64c0-17.67-14.33-32-32-32h-32c-17.67 0-32 14.33-32 32v144H32c-17.67 0-32 14.33-32 32v32c0 17.67 14.33 32 32 32h144v144c0 17.67 14.33 32 32 32h32c17.67 0 32-14.33 32-32V304h144c17.67 0 32-14.33 32-32v-32c0-17.67-14.33-32-32-32z\"><\/path><\/svg><\/span><span class=\"eael-advanced-accordion-icon-opened\"><svg aria-hidden=\"true\" class=\"fa-accordion-icon e-font-icon-svg e-fas-minus\" viewBox=\"0 0 448 512\" xmlns=\"http:\/\/www.w3.org\/2000\/svg\"><path d=\"M416 208H32c-17.67 0-32 14.33-32 32v32c0 17.67 14.33 32 32 32h384c17.67 0 32-14.33 32-32v-32c0-17.67-14.33-32-32-32z\"><\/path><\/svg><\/span><span class=\"eael-accordion-tab-title\">Ham Gri Mermerin bak\u0131m\u0131n\u0131 nas\u0131l yap\u0131yorsunuz?<\/span><svg aria-hidden=\"true\" class=\"fa-toggle e-font-icon-svg e-fas-angle-right\" viewBox=\"0 0 256 512\" xmlns=\"http:\/\/www.w3.org\/2000\/svg\"><path d=\"M224.3 273l-136 136c-9.4 9.4-24.6 9.4-33.9 0l-22.6-22.6c-9.4-9.4-9.4-24.6 0-33.9l96.4-96.4-96.4-96.4c-9.4-9.4-9.4-24.6 0-33.9L54.3 103c9.4-9.4 24.6-9.4 33.9 0l136 136c9.5 9.4 9.5 24.6.1 34z\"><\/path><\/svg><\/div><div id=\"elementor-tab-content-1421\" class=\"eael-accordion-content clearfix\" data-tab=\"1\" aria-labelledby=\"ham-gri-mermerin-bakmn-nasl-yapyorsunuz\"><p>Do\u011fal ve i\u015flenmemi\u015f olan Ham Gri Mermer, d\u00fczenli temizlik ve ara s\u0131ra profesyonel bak\u0131m gerektirir. Lekelenmeyi \u00f6nlemek i\u00e7in, d\u00f6k\u00fclenleri derhal temizlemek ve pH n\u00f6tr temizleyiciler kullanmak \u00f6nemlidir.<\/p><\/div>\n                <\/div><div class=\"eael-accordion-list\">\n                <div id=\"ham-gri-mermer-ne-tr-projeler-iin-uygundur\" class=\"elementor-tab-title eael-accordion-header\" tabindex=\"0\" data-tab=\"2\" aria-controls=\"elementor-tab-content-1422\"><span class=\"eael-advanced-accordion-icon-closed\"><svg aria-hidden=\"true\" class=\"fa-accordion-icon e-font-icon-svg e-fas-plus\" viewBox=\"0 0 448 512\" xmlns=\"http:\/\/www.w3.org\/2000\/svg\"><path d=\"M416 208H272V64c0-17.67-14.33-32-32-32h-32c-17.67 0-32 14.33-32 32v144H32c-17.67 0-32 14.33-32 32v32c0 17.67 14.33 32 32 32h144v144c0 17.67 14.33 32 32 32h32c17.67 0 32-14.33 32-32V304h144c17.67 0 32-14.33 32-32v-32c0-17.67-14.33-32-32-32z\"><\/path><\/svg><\/span><span class=\"eael-advanced-accordion-icon-opened\"><svg aria-hidden=\"true\" class=\"fa-accordion-icon e-font-icon-svg e-fas-minus\" viewBox=\"0 0 448 512\" xmlns=\"http:\/\/www.w3.org\/2000\/svg\"><path d=\"M416 208H32c-17.67 0-32 14.33-32 32v32c0 17.67 14.33 32 32 32h384c17.67 0 32-14.33 32-32v-32c0-17.67-14.33-32-32-32z\"><\/path><\/svg><\/span><span class=\"eael-accordion-tab-title\">Ham Gri Mermer ne t\u00fcr projeler i\u00e7in uygundur?<\/span><svg aria-hidden=\"true\" class=\"fa-toggle e-font-icon-svg e-fas-angle-right\" viewBox=\"0 0 256 512\" xmlns=\"http:\/\/www.w3.org\/2000\/svg\"><path d=\"M224.3 273l-136 136c-9.4 9.4-24.6 9.4-33.9 0l-22.6-22.6c-9.4-9.4-9.4-24.6 0-33.9l96.4-96.4-96.4-96.4c-9.4-9.4-9.4-24.6 0-33.9L54.3 103c9.4-9.4 24.6-9.4 33.9 0l136 136c9.5 9.4 9.5 24.6.1 34z\"><\/path><\/svg><\/div><div id=\"elementor-tab-content-1422\" class=\"eael-accordion-content clearfix\" data-tab=\"2\" aria-labelledby=\"ham-gri-mermer-ne-tr-projeler-iin-uygundur\"><p>Ham Gri Mermer hem i\u00e7 hem de d\u0131\u015f mekan projelerinde kullan\u0131labilir. \u00d6zellikle yer d\u00f6\u015femeleri, duvar kaplamalar\u0131, mutfak tezgahlar\u0131 ve bah\u00e7e yollar\u0131 i\u00e7in m\u00fckemmeldir. Do\u011fal dokusu ve renk tonlar\u0131 her mekana benzersiz bir estetik katar.<\/p><\/div>\n                <\/div><div class=\"eael-accordion-list\">\n                <div id=\"ham-gri-mermer-ne-kadar-dayankldr\" class=\"elementor-tab-title eael-accordion-header\" tabindex=\"0\" data-tab=\"3\" aria-controls=\"elementor-tab-content-1423\"><span class=\"eael-advanced-accordion-icon-closed\"><svg aria-hidden=\"true\" class=\"fa-accordion-icon e-font-icon-svg e-fas-plus\" viewBox=\"0 0 448 512\" xmlns=\"http:\/\/www.w3.org\/2000\/svg\"><path d=\"M416 208H272V64c0-17.67-14.33-32-32-32h-32c-17.67 0-32 14.33-32 32v144H32c-17.67 0-32 14.33-32 32v32c0 17.67 14.33 32 32 32h144v144c0 17.67 14.33 32 32 32h32c17.67 0 32-14.33 32-32V304h144c17.67 0 32-14.33 32-32v-32c0-17.67-14.33-32-32-32z\"><\/path><\/svg><\/span><span class=\"eael-advanced-accordion-icon-opened\"><svg aria-hidden=\"true\" class=\"fa-accordion-icon e-font-icon-svg e-fas-minus\" viewBox=\"0 0 448 512\" xmlns=\"http:\/\/www.w3.org\/2000\/svg\"><path d=\"M416 208H32c-17.67 0-32 14.33-32 32v32c0 17.67 14.33 32 32 32h384c17.67 0 32-14.33 32-32v-32c0-17.67-14.33-32-32-32z\"><\/path><\/svg><\/span><span class=\"eael-accordion-tab-title\">Ham Gri Mermer ne kadar dayan\u0131kl\u0131d\u0131r?<\/span><svg aria-hidden=\"true\" class=\"fa-toggle e-font-icon-svg e-fas-angle-right\" viewBox=\"0 0 256 512\" xmlns=\"http:\/\/www.w3.org\/2000\/svg\"><path d=\"M224.3 273l-136 136c-9.4 9.4-24.6 9.4-33.9 0l-22.6-22.6c-9.4-9.4-9.4-24.6 0-33.9l96.4-96.4-96.4-96.4c-9.4-9.4-9.4-24.6 0-33.9L54.3 103c9.4-9.4 24.6-9.4 33.9 0l136 136c9.5 9.4 9.5 24.6.1 34z\"><\/path><\/svg><\/div><div id=\"elementor-tab-content-1423\" class=\"eael-accordion-content clearfix\" data-tab=\"3\" aria-labelledby=\"ham-gri-mermer-ne-kadar-dayankldr\"><p>Ham Gri Mermer do\u011fal bir ta\u015f olarak olduk\u00e7a dayan\u0131kl\u0131d\u0131r. Uygun bak\u0131m ve koruma ile uzun y\u0131llar boyunca estetik g\u00f6r\u00fcn\u00fcm\u00fcn\u00fc koruyabilir.<\/p><\/div>\n                <\/div><div class=\"eael-accordion-list\">\n                <div id=\"ham-gri-mermer-sipariimin-teslimat-ne-kadar-srer\" class=\"elementor-tab-title eael-accordion-header\" tabindex=\"0\" data-tab=\"4\" aria-controls=\"elementor-tab-content-1424\"><span class=\"eael-advanced-accordion-icon-closed\"><svg aria-hidden=\"true\" class=\"fa-accordion-icon e-font-icon-svg e-fas-plus\" viewBox=\"0 0 448 512\" xmlns=\"http:\/\/www.w3.org\/2000\/svg\"><path d=\"M416 208H272V64c0-17.67-14.33-32-32-32h-32c-17.67 0-32 14.33-32 32v144H32c-17.67 0-32 14.33-32 32v32c0 17.67 14.33 32 32 32h144v144c0 17.67 14.33 32 32 32h32c17.67 0 32-14.33 32-32V304h144c17.67 0 32-14.33 32-32v-32c0-17.67-14.33-32-32-32z\"><\/path><\/svg><\/span><span class=\"eael-advanced-accordion-icon-opened\"><svg aria-hidden=\"true\" class=\"fa-accordion-icon e-font-icon-svg e-fas-minus\" viewBox=\"0 0 448 512\" xmlns=\"http:\/\/www.w3.org\/2000\/svg\"><path d=\"M416 208H32c-17.67 0-32 14.33-32 32v32c0 17.67 14.33 32 32 32h384c17.67 0 32-14.33 32-32v-32c0-17.67-14.33-32-32-32z\"><\/path><\/svg><\/span><span class=\"eael-accordion-tab-title\">Ham Gri Mermer sipari\u015fimin teslimat\u0131 ne kadar s\u00fcrer?<\/span><svg aria-hidden=\"true\" class=\"fa-toggle e-font-icon-svg e-fas-angle-right\" viewBox=\"0 0 256 512\" xmlns=\"http:\/\/www.w3.org\/2000\/svg\"><path d=\"M224.3 273l-136 136c-9.4 9.4-24.6 9.4-33.9 0l-22.6-22.6c-9.4-9.4-9.4-24.6 0-33.9l96.4-96.4-96.4-96.4c-9.4-9.4-9.4-24.6 0-33.9L54.3 103c9.4-9.4 24.6-9.4 33.9 0l136 136c9.5 9.4 9.5 24.6.1 34z\"><\/path><\/svg><\/div><div id=\"elementor-tab-content-1424\" class=\"eael-accordion-content clearfix\" data-tab=\"4\" aria-labelledby=\"ham-gri-mermer-sipariimin-teslimat-ne-kadar-srer\"><p>Teslimat s\u00fcresi, sipari\u015finizin boyutuna ve bulundu\u011funuz yere ba\u011fl\u0131 olarak de\u011fi\u015fir. Sipari\u015f verdi\u011finizde teslimat s\u00fcresi hakk\u0131nda daha ayr\u0131nt\u0131l\u0131 bilgi verebiliriz.<\/p><\/div>\n                <\/div><div class=\"eael-accordion-list\">\n                <div id=\"ham-gri-mermer-ile-ilenmi-hali-arasndaki-fark-nedir\" class=\"elementor-tab-title eael-accordion-header\" tabindex=\"0\" data-tab=\"5\" aria-controls=\"elementor-tab-content-1425\"><span class=\"eael-advanced-accordion-icon-closed\"><svg aria-hidden=\"true\" class=\"fa-accordion-icon e-font-icon-svg e-fas-plus\" viewBox=\"0 0 448 512\" xmlns=\"http:\/\/www.w3.org\/2000\/svg\"><path d=\"M416 208H272V64c0-17.67-14.33-32-32-32h-32c-17.67 0-32 14.33-32 32v144H32c-17.67 0-32 14.33-32 32v32c0 17.67 14.33 32 32 32h144v144c0 17.67 14.33 32 32 32h32c17.67 0 32-14.33 32-32V304h144c17.67 0 32-14.33 32-32v-32c0-17.67-14.33-32-32-32z\"><\/path><\/svg><\/span><span class=\"eael-advanced-accordion-icon-opened\"><svg aria-hidden=\"true\" class=\"fa-accordion-icon e-font-icon-svg e-fas-minus\" viewBox=\"0 0 448 512\" xmlns=\"http:\/\/www.w3.org\/2000\/svg\"><path d=\"M416 208H32c-17.67 0-32 14.33-32 32v32c0 17.67 14.33 32 32 32h384c17.67 0 32-14.33 32-32v-32c0-17.67-14.33-32-32-32z\"><\/path><\/svg><\/span><span class=\"eael-accordion-tab-title\">Ham Gri Mermer ile i\u015flenmi\u015f hali aras\u0131ndaki fark nedir?<\/span><svg aria-hidden=\"true\" class=\"fa-toggle e-font-icon-svg e-fas-angle-right\" viewBox=\"0 0 256 512\" xmlns=\"http:\/\/www.w3.org\/2000\/svg\"><path d=\"M224.3 273l-136 136c-9.4 9.4-24.6 9.4-33.9 0l-22.6-22.6c-9.4-9.4-9.4-24.6 0-33.9l96.4-96.4-96.4-96.4c-9.4-9.4-9.4-24.6 0-33.9L54.3 103c9.4-9.4 24.6-9.4 33.9 0l136 136c9.5 9.4 9.5 24.6.1 34z\"><\/path><\/svg><\/div><div id=\"elementor-tab-content-1425\" class=\"eael-accordion-content clearfix\" data-tab=\"5\" aria-labelledby=\"ham-gri-mermer-ile-ilenmi-hali-arasndaki-fark-nedir\"><p>Ham Gri Mermer do\u011fal, i\u015flenmemi\u015f ve ham haldedir, bu da her par\u00e7an\u0131n benzersiz oldu\u011fu anlam\u0131na gelir. \u0130\u015flenmi\u015f mermer ise kesilmi\u015f, \u015fekillendirilmi\u015f ve tipik olarak cilalanm\u0131\u015f olup daha d\u00fczg\u00fcn ve rafine bir y\u00fczey sa\u011flar.<\/p><\/div>\n                <\/div><div class=\"eael-accordion-list\">\n                <div id=\"ham-gri-mermer-trkiyede-mi-retiliyor\" class=\"elementor-tab-title eael-accordion-header\" tabindex=\"0\" data-tab=\"6\" aria-controls=\"elementor-tab-content-1426\"><span class=\"eael-advanced-accordion-icon-closed\"><svg aria-hidden=\"true\" class=\"fa-accordion-icon e-font-icon-svg e-fas-plus\" viewBox=\"0 0 448 512\" xmlns=\"http:\/\/www.w3.org\/2000\/svg\"><path d=\"M416 208H272V64c0-17.67-14.33-32-32-32h-32c-17.67 0-32 14.33-32 32v144H32c-17.67 0-32 14.33-32 32v32c0 17.67 14.33 32 32 32h144v144c0 17.67 14.33 32 32 32h32c17.67 0 32-14.33 32-32V304h144c17.67 0 32-14.33 32-32v-32c0-17.67-14.33-32-32-32z\"><\/path><\/svg><\/span><span class=\"eael-advanced-accordion-icon-opened\"><svg aria-hidden=\"true\" class=\"fa-accordion-icon e-font-icon-svg e-fas-minus\" viewBox=\"0 0 448 512\" xmlns=\"http:\/\/www.w3.org\/2000\/svg\"><path d=\"M416 208H32c-17.67 0-32 14.33-32 32v32c0 17.67 14.33 32 32 32h384c17.67 0 32-14.33 32-32v-32c0-17.67-14.33-32-32-32z\"><\/path><\/svg><\/span><span class=\"eael-accordion-tab-title\">Ham Gri Mermer T\u00fcrkiye'de mi \u00fcretiliyor?<\/span><svg aria-hidden=\"true\" class=\"fa-toggle e-font-icon-svg e-fas-angle-right\" viewBox=\"0 0 256 512\" xmlns=\"http:\/\/www.w3.org\/2000\/svg\"><path d=\"M224.3 273l-136 136c-9.4 9.4-24.6 9.4-33.9 0l-22.6-22.6c-9.4-9.4-9.4-24.6 0-33.9l96.4-96.4-96.4-96.4c-9.4-9.4-9.4-24.6 0-33.9L54.3 103c9.4-9.4 24.6-9.4 33.9 0l136 136c9.5 9.4 9.5 24.6.1 34z\"><\/path><\/svg><\/div><div id=\"elementor-tab-content-1426\" class=\"eael-accordion-content clearfix\" data-tab=\"6\" aria-labelledby=\"ham-gri-mermer-trkiyede-mi-retiliyor\"><p>Evet, Ham Gri Mermerimiz zengin do\u011fal ta\u015f rezervleriyle bilinen T\u00fcrkiye&#8217;den temin edilmekte ve \u00fcretilmektedir. Bu da mermerin ola\u011fan\u00fcst\u00fc kalitesini ve \u00f6zg\u00fcnl\u00fc\u011f\u00fcn\u00fc garanti etmekte ve T\u00fcrkiye&#8217;nin mermer ocak\u00e7\u0131l\u0131\u011f\u0131 ve i\u015flemecili\u011findeki k\u00f6kl\u00fc miras\u0131n\u0131 yans\u0131tmaktad\u0131r.<\/p><\/div>\n                <\/div><\/div>\t\t<\/div>\n\t\t\t\t<\/div>\n\t\t\t\t\t<\/div>\n\t\t\t\t<\/div>\n\t\t\t\t\t<\/div>\n\t\t\t\t<\/div>\n\t\t\t\t\t\t\t<\/div>\n\t\t","protected":false},"excerpt":{"rendered":"<p>Bu mermer \u00f6zelle\u015ftirmeye haz\u0131rd\u0131r ve \u00e7e\u015fitli alanlar\u0131n benzersiz gereksinimlerine uyacak \u015fekilde ustal\u0131kla i\u015flenebilir. Oteller, evler ve ofisler dahil olmak \u00fczere konut ve ticari ortamlar i\u00e7in ideal olan K\u0131br\u0131s gri mermeri , tezgah, d\u00f6\u015feme ve duvar kaplamalar\u0131 gibi sofistike ve kal\u0131c\u0131 mermer \u00f6zellikleri olu\u015fturmak i\u00e7in m\u00fckemmel bir temel g\u00f6revi g\u00f6r\u00fcr.<\/p>\n","protected":false},"featured_media":7530,"comment_status":"open","ping_status":"closed","template":"","meta":{"_eb_attr":""},"product_cat":[100],"product_tag":[],"class_list":{"0":"post-7735","1":"product","2":"type-product","3":"status-publish","4":"has-post-thumbnail","6":"product_cat-gri-mermer","8":"first","9":"instock","10":"sale","11":"shipping-taxable","12":"purchasable","13":"product-type-simple"},"acf":[],"_links":{"self":[{"href":"https:\/\/minemarble.com\/tr\/wp-json\/wp\/v2\/product\/7735","targetHints":{"allow":["GET"]}}],"collection":[{"href":"https:\/\/minemarble.com\/tr\/wp-json\/wp\/v2\/product"}],"about":[{"href":"https:\/\/minemarble.com\/tr\/wp-json\/wp\/v2\/types\/product"}],"replies":[{"embeddable":true,"href":"https:\/\/minemarble.com\/tr\/wp-json\/wp\/v2\/comments?post=7735"}],"version-history":[{"count":6,"href":"https:\/\/minemarble.com\/tr\/wp-json\/wp\/v2\/product\/7735\/revisions"}],"predecessor-version":[{"id":7743,"href":"https:\/\/minemarble.com\/tr\/wp-json\/wp\/v2\/product\/7735\/revisions\/7743"}],"wp:featuredmedia":[{"embeddable":true,"href":"https:\/\/minemarble.com\/tr\/wp-json\/wp\/v2\/media\/7530"}],"wp:attachment":[{"href":"https:\/\/minemarble.com\/tr\/wp-json\/wp\/v2\/media?parent=7735"}],"wp:term":[{"taxonomy":"product_cat","embeddable":true,"href":"https:\/\/minemarble.com\/tr\/wp-json\/wp\/v2\/product_cat?post=7735"},{"taxonomy":"product_tag","embeddable":true,"href":"https:\/\/minemarble.com\/tr\/wp-json\/wp\/v2\/product_tag?post=7735"}],"curies":[{"name":"wp","href":"https:\/\/api.w.org\/{rel}","templated":true}]}}